{"id":8569,"date":"2021-01-24T13:03:57","date_gmt":"2021-01-24T12:03:57","guid":{"rendered":"https:\/\/hannes-jaehnert.de\/wordpress\/?page_id=8569"},"modified":"2025-02-02T10:44:40","modified_gmt":"2025-02-02T09:44:40","slug":"publikationen","status":"publish","type":"page","link":"https:\/\/hannes-jaehnert.de\/wordpress\/hannes-jaehnert\/publikationen\/","title":{"rendered":"Geschrieben"},"content":{"rendered":"\n<p>Schreiben bildet! Wer wirklich versucht, sich anderen verst\u00e4ndlich zu machen, denkt anders, tiefer, breiter nach. Mit dem &#8216;Medium als Message&#8217; ein echtes Abenteuer, das Resonanz verspricht und Freude bereitet. Kurz: etwas, das Spa\u00df macht.<\/p>\n\n\n\n<blockquote class=\"wp-block-quote is-layout-flow wp-block-quote-is-layout-flow\">\n<p><em>Wir formen unsere Werkzeuge, und dann formen die Werkzeuge uns.<\/em><\/p>\n<cite>Marshall McLuhan<\/cite><\/blockquote>\n\n\n\n<h2 class=\"wp-block-heading\">Ausgew\u00e4hlte Publikationen<\/h2>\n\n\n\n<div class=\"wp-block-columns is-layout-flex wp-container-core-columns-is-layout-9d6595d7 wp-block-columns-is-layout-flex\">\n<div class=\"wp-block-column is-layout-flow wp-block-column-is-layout-flow\" style=\"flex-basis:33.33%\">\n<figure class=\"wp-block-image size-full\"><a href=\"https:\/\/www.nomos-shop.de\/de\/p\/zivilgesellschaftliches-engagement-und-freiwilligendienste-gr-978-3-7560-0397-6\" target=\"_blank\" rel=\" noreferrer noopener\"><img loading=\"lazy\" decoding=\"async\" width=\"482\" height=\"680\" src=\"https:\/\/hannes-jaehnert.de\/wordpress\/wp-content\/uploads\/2025\/02\/Cover_Zivilgesellschaftliches-Engagement-Freiwilligendienste_2024.webp\" alt=\"\" class=\"wp-image-9609\" srcset=\"https:\/\/hannes-jaehnert.de\/wordpress\/wp-content\/uploads\/2025\/02\/Cover_Zivilgesellschaftliches-Engagement-Freiwilligendienste_2024.webp 482w, https:\/\/hannes-jaehnert.de\/wordpress\/wp-content\/uploads\/2025\/02\/Cover_Zivilgesellschaftliches-Engagement-Freiwilligendienste_2024-213x300.webp 213w, https:\/\/hannes-jaehnert.de\/wordpress\/wp-content\/uploads\/2025\/02\/Cover_Zivilgesellschaftliches-Engagement-Freiwilligendienste_2024-320x451.webp 320w\" sizes=\"auto, (max-width: 482px) 100vw, 482px\" \/><\/a><\/figure>\n<\/div>\n\n\n\n<div class=\"wp-block-column is-layout-flow wp-block-column-is-layout-flow\" style=\"flex-basis:66.66%\">\n<p><strong>Digitalisierung und Digitalit\u00e4t in Engagement und Ehrenamt: <\/strong>  Anhand historischer und soziologischer Studien zeigen Dr. Wibke Rieckmann und ich, wie der digitale Wandel in der Zivilgesellschaft &#8216;zu fassen&#8217; zu bekommen sein k\u00f6nnte und reflektieren auf dieser Grundlage aktuelle Analysen und empirische Befunde. Nach einem kritischen Blick auf die digitale Reproduktion ungleicher Teilhabechancen schlie\u00dfen wir mit einem Ausblick auf unseres Erachtens wesentliche Zukunftsthemen (digitalen) Engagements und Ehrenamts.<\/p>\n<\/div>\n<\/div>\n\n\n\n<div class=\"wp-block-columns is-layout-flex wp-container-core-columns-is-layout-9d6595d7 wp-block-columns-is-layout-flex\">\n<div class=\"wp-block-column is-layout-flow wp-block-column-is-layout-flow\" style=\"flex-basis:33.33%\">\n<figure class=\"wp-block-image size-full\"><a href=\"https:\/\/link.springer.com\/book\/10.1007\/978-3-658-44508-9\" target=\"_blank\" rel=\" noreferrer noopener\"><img loading=\"lazy\" decoding=\"async\" width=\"532\" height=\"757\" src=\"https:\/\/hannes-jaehnert.de\/wordpress\/wp-content\/uploads\/2024\/07\/Cover_Resiliente-Organisation-Stiftungen.jpg\" alt=\"\" class=\"wp-image-9545\" srcset=\"https:\/\/hannes-jaehnert.de\/wordpress\/wp-content\/uploads\/2024\/07\/Cover_Resiliente-Organisation-Stiftungen.jpg 532w, https:\/\/hannes-jaehnert.de\/wordpress\/wp-content\/uploads\/2024\/07\/Cover_Resiliente-Organisation-Stiftungen-211x300.jpg 211w, https:\/\/hannes-jaehnert.de\/wordpress\/wp-content\/uploads\/2024\/07\/Cover_Resiliente-Organisation-Stiftungen-320x455.jpg 320w\" sizes=\"auto, (max-width: 532px) 100vw, 532px\" \/><\/a><\/figure>\n<\/div>\n\n\n\n<div class=\"wp-block-column is-layout-flow wp-block-column-is-layout-flow\" style=\"flex-basis:66.66%\">\n<p><strong>How to Bundesstiftung? Schlaglichter aus drei Jahren Aufbauarbeit der Deutschen Stiftung f\u00fcr Engagement und Ehrenamt<\/strong>: Anhand ausgew\u00e4hlter Schlaglichter auf die Aufbauarbeit der Deutschen Stiftung f\u00fcr Engagement und Ehrenamt seit 2020 zeichnen Katarina Perani\u0107 und ich die Entwicklung diverser Angebote der Stiftung seit dem &#8216;gro\u00dfen Knall&#8217; ihres ersten F\u00f6rderprogramms nach. Als besonders Bedeutsam stellen wir eine gute Governance dar, die auf der Basis empirischer Befunde Angebote entwickelt, die von den Zielgruppen auch genutzt werden (k\u00f6nnen). <\/p>\n<\/div>\n<\/div>\n\n\n\n<div class=\"wp-block-columns is-layout-flex wp-container-core-columns-is-layout-9d6595d7 wp-block-columns-is-layout-flex\">\n<div class=\"wp-block-column is-layout-flow wp-block-column-is-layout-flow\" style=\"flex-basis:33.33%\">\n<figure class=\"wp-block-image size-full\"><a href=\"https:\/\/hannes-jaehnert.de\/wordpress\/wp-content\/uploads\/2024\/06\/SuS_03-2024_eJournal_Jaehnert_personalisiert.pdf\" target=\"_blank\" rel=\" noreferrer noopener\"><img loading=\"lazy\" decoding=\"async\" width=\"677\" height=\"865\" src=\"https:\/\/hannes-jaehnert.de\/wordpress\/wp-content\/uploads\/2024\/06\/snip_SS-Titel-3-24.jpg\" alt=\"\" class=\"wp-image-9533\" srcset=\"https:\/\/hannes-jaehnert.de\/wordpress\/wp-content\/uploads\/2024\/06\/snip_SS-Titel-3-24.jpg 677w, https:\/\/hannes-jaehnert.de\/wordpress\/wp-content\/uploads\/2024\/06\/snip_SS-Titel-3-24-235x300.jpg 235w, https:\/\/hannes-jaehnert.de\/wordpress\/wp-content\/uploads\/2024\/06\/snip_SS-Titel-3-24-580x741.jpg 580w, https:\/\/hannes-jaehnert.de\/wordpress\/wp-content\/uploads\/2024\/06\/snip_SS-Titel-3-24-320x409.jpg 320w\" sizes=\"auto, (max-width: 677px) 100vw, 677px\" \/><\/a><\/figure>\n<\/div>\n\n\n\n<div class=\"wp-block-column is-layout-flow wp-block-column-is-layout-flow\" style=\"flex-basis:66.66%\">\n<p><strong>Zivilgesellschaft in Bewegung \u2013 R\u00fcckblick auf den Digital Social Summit 2024: <\/strong>&#8220;KI f\u00fcrs Gemeinwohl&#8221; besch\u00e4ftigt die Szene. Dem Anschein nach gibt es mehr offene Fragen als einfache Antworten, doch der Eindruck tr\u00fcgt: Gemeinsam mit Katarina Peranic blicke ich zur\u00fcck auf den #DSS2024. Beim mittlerweile f\u00fcnften &#8220;Gipfeltreffen der digitalen Zivilgesellschaft&#8221; schwirrten zahlreiche gute Ideen durch den Raum. Eine gro\u00dfe Frage aber bleibt: Wie k\u00f6nnen gemeinwohlorientierte Alternativen zu kommerziellen KI-Produkten nachhaltig in Wert setzen?<\/p>\n<\/div>\n<\/div>\n\n\n\n<p><a href=\"https:\/\/hannes-jaehnert.de\/wordpress\/hannes-jaehnert\/publikationen\/alle-publikationen\/\">Liste: alle Publikationen<\/a><\/p>\n","protected":false},"excerpt":{"rendered":"<p>Schreiben bildet! Wer wirklich versucht, sich anderen verst\u00e4ndlich zu machen, denkt anders, tiefer, breiter nach. Mit dem &#8216;Medium als Message&#8217; ein echtes Abenteuer, das Resonanz verspricht und Freude bereitet. Kurz: etwas, das Spa\u00df macht. Wir formen unsere Werkzeuge, und dann formen die Werkzeuge uns. Marshall McLuhan Ausgew\u00e4hlte Publikationen Digitalisierung und Digitalit\u00e4t in Engagement und Ehrenamt: [&hellip;]<\/p>\n","protected":false},"author":3,"featured_media":8908,"parent":8561,"menu_order":0,"comment_status":"closed","ping_status":"closed","template":"","meta":{"footnotes":""},"class_list":["post-8569","page","type-page","status-publish","has-post-thumbnail","hentry"],"yoast_head":"<!-- This site is optimized with the Yoast SEO plugin v27.2 - https:\/\/yoast.com\/product\/yoast-seo-wordpress\/ -->\n<title>Geschrieben &#8902; Hannes J\u00e4hnert<\/title>\n<meta name=\"robots\" content=\"index, follow, max-snippet:-1, max-image-preview:large, max-video-preview:-1\" \/>\n<link rel=\"canonical\" href=\"https:\/\/hannes-jaehnert.de\/wordpress\/hannes-jaehnert\/publikationen\/\" \/>\n<meta property=\"og:locale\" content=\"de_DE\" \/>\n<meta property=\"og:type\" content=\"article\" \/>\n<meta property=\"og:title\" content=\"Geschrieben &#8902; Hannes J\u00e4hnert\" \/>\n<meta property=\"og:description\" content=\"Schreiben bildet! Wer wirklich versucht, sich anderen verst\u00e4ndlich zu machen, denkt anders, tiefer, breiter nach. Mit dem &#8216;Medium als Message&#8217; ein echtes Abenteuer, das Resonanz verspricht und Freude bereitet. Kurz: etwas, das Spa\u00df macht. Wir formen unsere Werkzeuge, und dann formen die Werkzeuge uns. Marshall McLuhan Ausgew\u00e4hlte Publikationen Digitalisierung und Digitalit\u00e4t in Engagement und Ehrenamt: [&hellip;]\" \/>\n<meta property=\"og:url\" content=\"https:\/\/hannes-jaehnert.de\/wordpress\/hannes-jaehnert\/publikationen\/\" \/>\n<meta property=\"og:site_name\" content=\"Hannes J\u00e4hnert\" \/>\n<meta property=\"article:modified_time\" content=\"2025-02-02T09:44:40+00:00\" \/>\n<meta property=\"og:image\" content=\"https:\/\/hannes-jaehnert.de\/wordpress\/wp-content\/uploads\/2021\/02\/hannes-jaehnert_geschrieben.jpg\" \/>\n\t<meta property=\"og:image:width\" content=\"2000\" \/>\n\t<meta property=\"og:image:height\" content=\"2000\" \/>\n\t<meta property=\"og:image:type\" content=\"image\/jpeg\" \/>\n<meta name=\"twitter:card\" content=\"summary_large_image\" \/>\n<meta name=\"twitter:label1\" content=\"Gesch\u00e4tzte Lesezeit\" \/>\n\t<meta name=\"twitter:data1\" content=\"3\u00a0Minuten\" \/>\n<script type=\"application\/ld+json\" class=\"yoast-schema-graph\">{\"@context\":\"https:\/\/schema.org\",\"@graph\":[{\"@type\":\"WebPage\",\"@id\":\"https:\/\/hannes-jaehnert.de\/wordpress\/hannes-jaehnert\/publikationen\/\",\"url\":\"https:\/\/hannes-jaehnert.de\/wordpress\/hannes-jaehnert\/publikationen\/\",\"name\":\"Geschrieben &#8902; Hannes J\u00e4hnert\",\"isPartOf\":{\"@id\":\"https:\/\/hannes-jaehnert.de\/wordpress\/#website\"},\"primaryImageOfPage\":{\"@id\":\"https:\/\/hannes-jaehnert.de\/wordpress\/hannes-jaehnert\/publikationen\/#primaryimage\"},\"image\":{\"@id\":\"https:\/\/hannes-jaehnert.de\/wordpress\/hannes-jaehnert\/publikationen\/#primaryimage\"},\"thumbnailUrl\":\"https:\/\/hannes-jaehnert.de\/wordpress\/wp-content\/uploads\/2021\/02\/hannes-jaehnert_geschrieben.jpg\",\"datePublished\":\"2021-01-24T12:03:57+00:00\",\"dateModified\":\"2025-02-02T09:44:40+00:00\",\"breadcrumb\":{\"@id\":\"https:\/\/hannes-jaehnert.de\/wordpress\/hannes-jaehnert\/publikationen\/#breadcrumb\"},\"inLanguage\":\"de\",\"potentialAction\":[{\"@type\":\"ReadAction\",\"target\":[\"https:\/\/hannes-jaehnert.de\/wordpress\/hannes-jaehnert\/publikationen\/\"]}]},{\"@type\":\"ImageObject\",\"inLanguage\":\"de\",\"@id\":\"https:\/\/hannes-jaehnert.de\/wordpress\/hannes-jaehnert\/publikationen\/#primaryimage\",\"url\":\"https:\/\/hannes-jaehnert.de\/wordpress\/wp-content\/uploads\/2021\/02\/hannes-jaehnert_geschrieben.jpg\",\"contentUrl\":\"https:\/\/hannes-jaehnert.de\/wordpress\/wp-content\/uploads\/2021\/02\/hannes-jaehnert_geschrieben.jpg\",\"width\":2000,\"height\":2000,\"caption\":\"Hannes J\u00e4hnert in Hemd und Weste im Urban-Gr\u00fcnen mit einem Laptop auf dem Scho\u00df\"},{\"@type\":\"BreadcrumbList\",\"@id\":\"https:\/\/hannes-jaehnert.de\/wordpress\/hannes-jaehnert\/publikationen\/#breadcrumb\",\"itemListElement\":[{\"@type\":\"ListItem\",\"position\":1,\"name\":\"Home\",\"item\":\"https:\/\/hannes-jaehnert.de\/wordpress\/\"},{\"@type\":\"ListItem\",\"position\":2,\"name\":\"Hannes J\u00e4hnert\",\"item\":\"https:\/\/hannes-jaehnert.de\/wordpress\/hannes-jaehnert\/\"},{\"@type\":\"ListItem\",\"position\":3,\"name\":\"Geschrieben\"}]},{\"@type\":\"WebSite\",\"@id\":\"https:\/\/hannes-jaehnert.de\/wordpress\/#website\",\"url\":\"https:\/\/hannes-jaehnert.de\/wordpress\/\",\"name\":\"Hannes J\u00e4hnert\",\"description\":\"Engagementblogger &amp; Freizeitforscher\",\"publisher\":{\"@id\":\"https:\/\/hannes-jaehnert.de\/wordpress\/#\/schema\/person\/1ab60f3bc0cd8e11ede09e5dc21d43b5\"},\"potentialAction\":[{\"@type\":\"SearchAction\",\"target\":{\"@type\":\"EntryPoint\",\"urlTemplate\":\"https:\/\/hannes-jaehnert.de\/wordpress\/?s={search_term_string}\"},\"query-input\":{\"@type\":\"PropertyValueSpecification\",\"valueRequired\":true,\"valueName\":\"search_term_string\"}}],\"inLanguage\":\"de\"},{\"@type\":[\"Person\",\"Organization\"],\"@id\":\"https:\/\/hannes-jaehnert.de\/wordpress\/#\/schema\/person\/1ab60f3bc0cd8e11ede09e5dc21d43b5\",\"name\":\"foulder\",\"image\":{\"@type\":\"ImageObject\",\"inLanguage\":\"de\",\"@id\":\"https:\/\/hannes-jaehnert.de\/wordpress\/wp-content\/uploads\/2021\/02\/hannes-jaehnert_gemacht.jpg\",\"url\":\"https:\/\/hannes-jaehnert.de\/wordpress\/wp-content\/uploads\/2021\/02\/hannes-jaehnert_gemacht.jpg\",\"contentUrl\":\"https:\/\/hannes-jaehnert.de\/wordpress\/wp-content\/uploads\/2021\/02\/hannes-jaehnert_gemacht.jpg\",\"width\":2000,\"height\":2000,\"caption\":\"foulder\"},\"logo\":{\"@id\":\"https:\/\/hannes-jaehnert.de\/wordpress\/wp-content\/uploads\/2021\/02\/hannes-jaehnert_gemacht.jpg\"}}]}<\/script>\n<!-- \/ Yoast SEO plugin. -->","yoast_head_json":{"title":"Geschrieben &#8902; Hannes J\u00e4hnert","robots":{"index":"index","follow":"follow","max-snippet":"max-snippet:-1","max-image-preview":"max-image-preview:large","max-video-preview":"max-video-preview:-1"},"canonical":"https:\/\/hannes-jaehnert.de\/wordpress\/hannes-jaehnert\/publikationen\/","og_locale":"de_DE","og_type":"article","og_title":"Geschrieben &#8902; Hannes J\u00e4hnert","og_description":"Schreiben bildet! Wer wirklich versucht, sich anderen verst\u00e4ndlich zu machen, denkt anders, tiefer, breiter nach. Mit dem &#8216;Medium als Message&#8217; ein echtes Abenteuer, das Resonanz verspricht und Freude bereitet. Kurz: etwas, das Spa\u00df macht. Wir formen unsere Werkzeuge, und dann formen die Werkzeuge uns. Marshall McLuhan Ausgew\u00e4hlte Publikationen Digitalisierung und Digitalit\u00e4t in Engagement und Ehrenamt: [&hellip;]","og_url":"https:\/\/hannes-jaehnert.de\/wordpress\/hannes-jaehnert\/publikationen\/","og_site_name":"Hannes J\u00e4hnert","article_modified_time":"2025-02-02T09:44:40+00:00","og_image":[{"width":2000,"height":2000,"url":"https:\/\/hannes-jaehnert.de\/wordpress\/wp-content\/uploads\/2021\/02\/hannes-jaehnert_geschrieben.jpg","type":"image\/jpeg"}],"twitter_card":"summary_large_image","twitter_misc":{"Gesch\u00e4tzte Lesezeit":"3\u00a0Minuten"},"schema":{"@context":"https:\/\/schema.org","@graph":[{"@type":"WebPage","@id":"https:\/\/hannes-jaehnert.de\/wordpress\/hannes-jaehnert\/publikationen\/","url":"https:\/\/hannes-jaehnert.de\/wordpress\/hannes-jaehnert\/publikationen\/","name":"Geschrieben &#8902; Hannes J\u00e4hnert","isPartOf":{"@id":"https:\/\/hannes-jaehnert.de\/wordpress\/#website"},"primaryImageOfPage":{"@id":"https:\/\/hannes-jaehnert.de\/wordpress\/hannes-jaehnert\/publikationen\/#primaryimage"},"image":{"@id":"https:\/\/hannes-jaehnert.de\/wordpress\/hannes-jaehnert\/publikationen\/#primaryimage"},"thumbnailUrl":"https:\/\/hannes-jaehnert.de\/wordpress\/wp-content\/uploads\/2021\/02\/hannes-jaehnert_geschrieben.jpg","datePublished":"2021-01-24T12:03:57+00:00","dateModified":"2025-02-02T09:44:40+00:00","breadcrumb":{"@id":"https:\/\/hannes-jaehnert.de\/wordpress\/hannes-jaehnert\/publikationen\/#breadcrumb"},"inLanguage":"de","potentialAction":[{"@type":"ReadAction","target":["https:\/\/hannes-jaehnert.de\/wordpress\/hannes-jaehnert\/publikationen\/"]}]},{"@type":"ImageObject","inLanguage":"de","@id":"https:\/\/hannes-jaehnert.de\/wordpress\/hannes-jaehnert\/publikationen\/#primaryimage","url":"https:\/\/hannes-jaehnert.de\/wordpress\/wp-content\/uploads\/2021\/02\/hannes-jaehnert_geschrieben.jpg","contentUrl":"https:\/\/hannes-jaehnert.de\/wordpress\/wp-content\/uploads\/2021\/02\/hannes-jaehnert_geschrieben.jpg","width":2000,"height":2000,"caption":"Hannes J\u00e4hnert in Hemd und Weste im Urban-Gr\u00fcnen mit einem Laptop auf dem Scho\u00df"},{"@type":"BreadcrumbList","@id":"https:\/\/hannes-jaehnert.de\/wordpress\/hannes-jaehnert\/publikationen\/#breadcrumb","itemListElement":[{"@type":"ListItem","position":1,"name":"Home","item":"https:\/\/hannes-jaehnert.de\/wordpress\/"},{"@type":"ListItem","position":2,"name":"Hannes J\u00e4hnert","item":"https:\/\/hannes-jaehnert.de\/wordpress\/hannes-jaehnert\/"},{"@type":"ListItem","position":3,"name":"Geschrieben"}]},{"@type":"WebSite","@id":"https:\/\/hannes-jaehnert.de\/wordpress\/#website","url":"https:\/\/hannes-jaehnert.de\/wordpress\/","name":"Hannes J\u00e4hnert","description":"Engagementblogger &amp; Freizeitforscher","publisher":{"@id":"https:\/\/hannes-jaehnert.de\/wordpress\/#\/schema\/person\/1ab60f3bc0cd8e11ede09e5dc21d43b5"},"potentialAction":[{"@type":"SearchAction","target":{"@type":"EntryPoint","urlTemplate":"https:\/\/hannes-jaehnert.de\/wordpress\/?s={search_term_string}"},"query-input":{"@type":"PropertyValueSpecification","valueRequired":true,"valueName":"search_term_string"}}],"inLanguage":"de"},{"@type":["Person","Organization"],"@id":"https:\/\/hannes-jaehnert.de\/wordpress\/#\/schema\/person\/1ab60f3bc0cd8e11ede09e5dc21d43b5","name":"foulder","image":{"@type":"ImageObject","inLanguage":"de","@id":"https:\/\/hannes-jaehnert.de\/wordpress\/wp-content\/uploads\/2021\/02\/hannes-jaehnert_gemacht.jpg","url":"https:\/\/hannes-jaehnert.de\/wordpress\/wp-content\/uploads\/2021\/02\/hannes-jaehnert_gemacht.jpg","contentUrl":"https:\/\/hannes-jaehnert.de\/wordpress\/wp-content\/uploads\/2021\/02\/hannes-jaehnert_gemacht.jpg","width":2000,"height":2000,"caption":"foulder"},"logo":{"@id":"https:\/\/hannes-jaehnert.de\/wordpress\/wp-content\/uploads\/2021\/02\/hannes-jaehnert_gemacht.jpg"}}]}},"_links":{"self":[{"href":"https:\/\/hannes-jaehnert.de\/wordpress\/wp-json\/wp\/v2\/pages\/8569","targetHints":{"allow":["GET"]}}],"collection":[{"href":"https:\/\/hannes-jaehnert.de\/wordpress\/wp-json\/wp\/v2\/pages"}],"about":[{"href":"https:\/\/hannes-jaehnert.de\/wordpress\/wp-json\/wp\/v2\/types\/page"}],"author":[{"embeddable":true,"href":"https:\/\/hannes-jaehnert.de\/wordpress\/wp-json\/wp\/v2\/users\/3"}],"replies":[{"embeddable":true,"href":"https:\/\/hannes-jaehnert.de\/wordpress\/wp-json\/wp\/v2\/comments?post=8569"}],"version-history":[{"count":54,"href":"https:\/\/hannes-jaehnert.de\/wordpress\/wp-json\/wp\/v2\/pages\/8569\/revisions"}],"predecessor-version":[{"id":9612,"href":"https:\/\/hannes-jaehnert.de\/wordpress\/wp-json\/wp\/v2\/pages\/8569\/revisions\/9612"}],"up":[{"embeddable":true,"href":"https:\/\/hannes-jaehnert.de\/wordpress\/wp-json\/wp\/v2\/pages\/8561"}],"wp:featuredmedia":[{"embeddable":true,"href":"https:\/\/hannes-jaehnert.de\/wordpress\/wp-json\/wp\/v2\/media\/8908"}],"wp:attachment":[{"href":"https:\/\/hannes-jaehnert.de\/wordpress\/wp-json\/wp\/v2\/media?parent=8569"}],"curies":[{"name":"wp","href":"https:\/\/api.w.org\/{rel}","templated":true}]}}