{"id":8575,"date":"2021-01-24T13:06:02","date_gmt":"2021-01-24T12:06:02","guid":{"rendered":"https:\/\/hannes-jaehnert.de\/wordpress\/?page_id=8575"},"modified":"2021-05-13T14:33:52","modified_gmt":"2021-05-13T12:33:52","slug":"interviews-vortraege","status":"publish","type":"page","link":"https:\/\/hannes-jaehnert.de\/wordpress\/hannes-jaehnert\/interviews-vortraege\/","title":{"rendered":"Gesagt"},"content":{"rendered":"\n<p>Geschichten wollen erz\u00e4hlt werden! Doch die eigene Stimme zu erheben, ist ein Risiko. Ein Wagnis aber, das sich lohnt. Denn nur wer spricht, kann Widerworte erwarten, lernen und staunen. Nicht das Gesagte, die Antwort z\u00e4hlt.   <\/p>\n\n\n\n<blockquote class=\"wp-block-quote is-layout-flow wp-block-quote-is-layout-flow\"><p>Most people don&#8217;t seem to realize that there are still thousands on thousands of folks that go more by singing than they do by reading.<\/p><cite>Woody Guthrie<\/cite><\/blockquote>\n\n\n\n<h2 class=\"wp-block-heading\">Ausgew\u00e4hlte Interviews<\/h2>\n\n\n\n<div class=\"wp-block-columns is-layout-flex wp-container-core-columns-is-layout-9d6595d7 wp-block-columns-is-layout-flex\">\n<div class=\"wp-block-column is-layout-flow wp-block-column-is-layout-flow\" style=\"flex-basis:33.33%\">\n<figure class=\"wp-block-image size-large is-resized is-style-default\"><a href=\"https:\/\/www.7gutegruende.de\/soziale-innovationen\/\" target=\"_blank\" rel=\"externer Link noopener\"><img loading=\"lazy\" decoding=\"async\" src=\"https:\/\/hannes-jaehnert.de\/wordpress\/wp-content\/uploads\/2021\/01\/7guteGruende_Cover.png\" alt=\"\" class=\"wp-image-8890\" width=\"230\" height=\"230\" srcset=\"https:\/\/hannes-jaehnert.de\/wordpress\/wp-content\/uploads\/2021\/01\/7guteGruende_Cover.png 200w, https:\/\/hannes-jaehnert.de\/wordpress\/wp-content\/uploads\/2021\/01\/7guteGruende_Cover-150x150.png 150w\" sizes=\"auto, (max-width: 230px) 100vw, 230px\" \/><\/a><\/figure>\n<\/div>\n\n\n\n<div class=\"wp-block-column is-layout-flow wp-block-column-is-layout-flow\" style=\"flex-basis:66.66%\">\n<p><strong>Soziale Innovaion: <\/strong><em>Mit Martin Krumsdorf sprach ich im Oktober 2020 \u00fcber acht Jahre beim Deutschen Roten Kreuz, \u00fcber das was war und das was bleibt. Wie innovativ ist das DRK und welche Rolle spielt das Ehrenamt dabei? Meine Hoffnung: Der Spirit der letzten Jahre, m\u00f6ge bleiben. Ich bin stolz darauf, einen Teil zum DRK wie es ist, beigetragen zu haben. Und ich bin mir sicher, dass es weitergeht mit der Innovation im Roten Kreuz. <\/em><\/p>\n<\/div>\n<\/div>\n\n\n\n<div class=\"wp-block-columns is-layout-flex wp-container-core-columns-is-layout-9d6595d7 wp-block-columns-is-layout-flex\">\n<div class=\"wp-block-column is-layout-flow wp-block-column-is-layout-flow\" style=\"flex-basis:33.33%\">\n<figure class=\"wp-block-image size-large is-style-default\"><a href=\"https:\/\/ideequadrat.podigee.io\/59-hannes-jaehnert-innovation\" target=\"_blank\" rel=\"externer Link noopener\"><img loading=\"lazy\" decoding=\"async\" width=\"400\" height=\"400\" src=\"https:\/\/hannes-jaehnert.de\/wordpress\/wp-content\/uploads\/2021\/01\/IdeeQuadrat-Podcast_Cover.png\" alt=\"\" class=\"wp-image-8878\" srcset=\"https:\/\/hannes-jaehnert.de\/wordpress\/wp-content\/uploads\/2021\/01\/IdeeQuadrat-Podcast_Cover.png 400w, https:\/\/hannes-jaehnert.de\/wordpress\/wp-content\/uploads\/2021\/01\/IdeeQuadrat-Podcast_Cover-300x300.png 300w, https:\/\/hannes-jaehnert.de\/wordpress\/wp-content\/uploads\/2021\/01\/IdeeQuadrat-Podcast_Cover-150x150.png 150w, https:\/\/hannes-jaehnert.de\/wordpress\/wp-content\/uploads\/2021\/01\/IdeeQuadrat-Podcast_Cover-320x320.png 320w\" sizes=\"auto, (max-width: 400px) 100vw, 400px\" \/><\/a><\/figure>\n<\/div>\n\n\n\n<div class=\"wp-block-column is-layout-flow wp-block-column-is-layout-flow\" style=\"flex-basis:66.66%\">\n<p><strong>Wie geht Innovation? <\/strong><em>Mit Hendrik Epe sprach ich im Mai 2020 \u00fcber Innovation in der DRK-Wohlfahrt, \u00fcber Social Media und \u00fcber Freestyle Skating. Wie das zusammen passt? Ganz einfach: Ohne die spielerische Neugier, ohne hinfallen und wieder aufstehen wird&#8217;s auch nichts mit der Innovation. Gesch\u00fctzte R\u00e4ume mit klaren Guidelines aber k\u00f6nnen helfen, Neues ohne Angst vor&#8217;m Liegenbleiben zu entwickeln. <\/em><\/p>\n<\/div>\n<\/div>\n\n\n\n<div class=\"wp-block-columns is-layout-flex wp-container-core-columns-is-layout-9d6595d7 wp-block-columns-is-layout-flex\">\n<div class=\"wp-block-column is-layout-flow wp-block-column-is-layout-flow\" style=\"flex-basis:33.33%\">\n<figure class=\"wp-block-image size-large is-style-default\"><a href=\"https:\/\/www.fundraising-radio.de\/frr099-krise-3\/\" target=\"_blank\" rel=\"externer Link noopener\"><img loading=\"lazy\" decoding=\"async\" width=\"500\" height=\"500\" src=\"https:\/\/hannes-jaehnert.de\/wordpress\/wp-content\/uploads\/2021\/01\/Fundraising-Radio-2020-3_Cover.jpg\" alt=\"\" class=\"wp-image-8868\" srcset=\"https:\/\/hannes-jaehnert.de\/wordpress\/wp-content\/uploads\/2021\/01\/Fundraising-Radio-2020-3_Cover.jpg 500w, https:\/\/hannes-jaehnert.de\/wordpress\/wp-content\/uploads\/2021\/01\/Fundraising-Radio-2020-3_Cover-300x300.jpg 300w, https:\/\/hannes-jaehnert.de\/wordpress\/wp-content\/uploads\/2021\/01\/Fundraising-Radio-2020-3_Cover-150x150.jpg 150w, https:\/\/hannes-jaehnert.de\/wordpress\/wp-content\/uploads\/2021\/01\/Fundraising-Radio-2020-3_Cover-320x320.jpg 320w\" sizes=\"auto, (max-width: 500px) 100vw, 500px\" \/><\/a><\/figure>\n<\/div>\n\n\n\n<div class=\"wp-block-column is-layout-flow wp-block-column-is-layout-flow\" style=\"flex-basis:66.66%\">\n<p><strong>Online-Volunteering: <\/strong><em>In der 99. Ausgabe des Fundraising Radios  (Krisen-Edition #3, April 2020) sprach ich mit Maik Meid und J\u00f6rg Reschke \u00fcber Online-Volunteering und digitales Ehrenamt. Alles gar nicht so neu! Und doch: Mit dem #WirVsVirus-Hackathon und den ganz praktischen Vorst\u00f6\u00dfen vieler Vereine und Initiativen in den digitalen Raum oft genug ein absolutes Novum f\u00fcr Engagement und Ehrenamt in Deutschland. <\/em><\/p>\n<\/div>\n<\/div>\n\n\n\n<p><a href=\"https:\/\/hannes-jaehnert.de\/wordpress\/hannes-jaehnert\/interviews-vortraege\/alle-interviews-vortraege-workshops\/\">&#8230; zur vollst\u00e4ndigen Liste aller Interviews, Vortr\u00e4ge und Workshops<\/a><\/p>\n","protected":false},"excerpt":{"rendered":"<p>Geschichten wollen erz\u00e4hlt werden! Doch die eigene Stimme zu erheben, ist ein Risiko. Ein Wagnis aber, das sich lohnt. Denn nur wer spricht, kann Widerworte erwarten, lernen und staunen. Nicht das Gesagte, die Antwort z\u00e4hlt. Most people don&#8217;t seem to realize that there are still thousands on thousands of folks that go more by singing [&hellip;]<\/p>\n","protected":false},"author":3,"featured_media":8753,"parent":8561,"menu_order":0,"comment_status":"closed","ping_status":"closed","template":"","meta":{"footnotes":""},"class_list":["post-8575","page","type-page","status-publish","has-post-thumbnail","hentry"],"yoast_head":"<!-- This site is optimized with the Yoast SEO plugin v27.2 - https:\/\/yoast.com\/product\/yoast-seo-wordpress\/ -->\n<title>Gesagt &#8902; Hannes J\u00e4hnert<\/title>\n<meta name=\"robots\" content=\"index, follow, max-snippet:-1, max-image-preview:large, max-video-preview:-1\" \/>\n<link rel=\"canonical\" href=\"https:\/\/hannes-jaehnert.de\/wordpress\/hannes-jaehnert\/interviews-vortraege\/\" \/>\n<meta property=\"og:locale\" content=\"de_DE\" \/>\n<meta property=\"og:type\" content=\"article\" \/>\n<meta property=\"og:title\" content=\"Gesagt &#8902; Hannes J\u00e4hnert\" \/>\n<meta property=\"og:description\" content=\"Geschichten wollen erz\u00e4hlt werden! Doch die eigene Stimme zu erheben, ist ein Risiko. Ein Wagnis aber, das sich lohnt. Denn nur wer spricht, kann Widerworte erwarten, lernen und staunen. Nicht das Gesagte, die Antwort z\u00e4hlt. Most people don&#8217;t seem to realize that there are still thousands on thousands of folks that go more by singing [&hellip;]\" \/>\n<meta property=\"og:url\" content=\"https:\/\/hannes-jaehnert.de\/wordpress\/hannes-jaehnert\/interviews-vortraege\/\" \/>\n<meta property=\"og:site_name\" content=\"Hannes J\u00e4hnert\" \/>\n<meta property=\"article:modified_time\" content=\"2021-05-13T12:33:52+00:00\" \/>\n<meta property=\"og:image\" content=\"https:\/\/hannes-jaehnert.de\/wordpress\/wp-content\/uploads\/2021\/01\/Symbolbild_Gesagt.jpg\" \/>\n\t<meta property=\"og:image:width\" content=\"669\" \/>\n\t<meta property=\"og:image:height\" content=\"668\" \/>\n\t<meta property=\"og:image:type\" content=\"image\/jpeg\" \/>\n<meta name=\"twitter:card\" content=\"summary_large_image\" \/>\n<meta name=\"twitter:label1\" content=\"Gesch\u00e4tzte Lesezeit\" \/>\n\t<meta name=\"twitter:data1\" content=\"2\u00a0Minuten\" \/>\n<script type=\"application\/ld+json\" class=\"yoast-schema-graph\">{\"@context\":\"https:\/\/schema.org\",\"@graph\":[{\"@type\":\"WebPage\",\"@id\":\"https:\/\/hannes-jaehnert.de\/wordpress\/hannes-jaehnert\/interviews-vortraege\/\",\"url\":\"https:\/\/hannes-jaehnert.de\/wordpress\/hannes-jaehnert\/interviews-vortraege\/\",\"name\":\"Gesagt &#8902; Hannes J\u00e4hnert\",\"isPartOf\":{\"@id\":\"https:\/\/hannes-jaehnert.de\/wordpress\/#website\"},\"primaryImageOfPage\":{\"@id\":\"https:\/\/hannes-jaehnert.de\/wordpress\/hannes-jaehnert\/interviews-vortraege\/#primaryimage\"},\"image\":{\"@id\":\"https:\/\/hannes-jaehnert.de\/wordpress\/hannes-jaehnert\/interviews-vortraege\/#primaryimage\"},\"thumbnailUrl\":\"https:\/\/hannes-jaehnert.de\/wordpress\/wp-content\/uploads\/2021\/01\/Symbolbild_Gesagt.jpg\",\"datePublished\":\"2021-01-24T12:06:02+00:00\",\"dateModified\":\"2021-05-13T12:33:52+00:00\",\"breadcrumb\":{\"@id\":\"https:\/\/hannes-jaehnert.de\/wordpress\/hannes-jaehnert\/interviews-vortraege\/#breadcrumb\"},\"inLanguage\":\"de\",\"potentialAction\":[{\"@type\":\"ReadAction\",\"target\":[\"https:\/\/hannes-jaehnert.de\/wordpress\/hannes-jaehnert\/interviews-vortraege\/\"]}]},{\"@type\":\"ImageObject\",\"inLanguage\":\"de\",\"@id\":\"https:\/\/hannes-jaehnert.de\/wordpress\/hannes-jaehnert\/interviews-vortraege\/#primaryimage\",\"url\":\"https:\/\/hannes-jaehnert.de\/wordpress\/wp-content\/uploads\/2021\/01\/Symbolbild_Gesagt.jpg\",\"contentUrl\":\"https:\/\/hannes-jaehnert.de\/wordpress\/wp-content\/uploads\/2021\/01\/Symbolbild_Gesagt.jpg\",\"width\":669,\"height\":668},{\"@type\":\"BreadcrumbList\",\"@id\":\"https:\/\/hannes-jaehnert.de\/wordpress\/hannes-jaehnert\/interviews-vortraege\/#breadcrumb\",\"itemListElement\":[{\"@type\":\"ListItem\",\"position\":1,\"name\":\"Home\",\"item\":\"https:\/\/hannes-jaehnert.de\/wordpress\/\"},{\"@type\":\"ListItem\",\"position\":2,\"name\":\"Hannes J\u00e4hnert\",\"item\":\"https:\/\/hannes-jaehnert.de\/wordpress\/hannes-jaehnert\/\"},{\"@type\":\"ListItem\",\"position\":3,\"name\":\"Gesagt\"}]},{\"@type\":\"WebSite\",\"@id\":\"https:\/\/hannes-jaehnert.de\/wordpress\/#website\",\"url\":\"https:\/\/hannes-jaehnert.de\/wordpress\/\",\"name\":\"Hannes J\u00e4hnert\",\"description\":\"Engagementblogger &amp; Freizeitforscher\",\"publisher\":{\"@id\":\"https:\/\/hannes-jaehnert.de\/wordpress\/#\/schema\/person\/1ab60f3bc0cd8e11ede09e5dc21d43b5\"},\"potentialAction\":[{\"@type\":\"SearchAction\",\"target\":{\"@type\":\"EntryPoint\",\"urlTemplate\":\"https:\/\/hannes-jaehnert.de\/wordpress\/?s={search_term_string}\"},\"query-input\":{\"@type\":\"PropertyValueSpecification\",\"valueRequired\":true,\"valueName\":\"search_term_string\"}}],\"inLanguage\":\"de\"},{\"@type\":[\"Person\",\"Organization\"],\"@id\":\"https:\/\/hannes-jaehnert.de\/wordpress\/#\/schema\/person\/1ab60f3bc0cd8e11ede09e5dc21d43b5\",\"name\":\"foulder\",\"image\":{\"@type\":\"ImageObject\",\"inLanguage\":\"de\",\"@id\":\"https:\/\/hannes-jaehnert.de\/wordpress\/wp-content\/uploads\/2021\/02\/hannes-jaehnert_gemacht.jpg\",\"url\":\"https:\/\/hannes-jaehnert.de\/wordpress\/wp-content\/uploads\/2021\/02\/hannes-jaehnert_gemacht.jpg\",\"contentUrl\":\"https:\/\/hannes-jaehnert.de\/wordpress\/wp-content\/uploads\/2021\/02\/hannes-jaehnert_gemacht.jpg\",\"width\":2000,\"height\":2000,\"caption\":\"foulder\"},\"logo\":{\"@id\":\"https:\/\/hannes-jaehnert.de\/wordpress\/wp-content\/uploads\/2021\/02\/hannes-jaehnert_gemacht.jpg\"}}]}<\/script>\n<!-- \/ Yoast SEO plugin. -->","yoast_head_json":{"title":"Gesagt &#8902; Hannes J\u00e4hnert","robots":{"index":"index","follow":"follow","max-snippet":"max-snippet:-1","max-image-preview":"max-image-preview:large","max-video-preview":"max-video-preview:-1"},"canonical":"https:\/\/hannes-jaehnert.de\/wordpress\/hannes-jaehnert\/interviews-vortraege\/","og_locale":"de_DE","og_type":"article","og_title":"Gesagt &#8902; Hannes J\u00e4hnert","og_description":"Geschichten wollen erz\u00e4hlt werden! Doch die eigene Stimme zu erheben, ist ein Risiko. Ein Wagnis aber, das sich lohnt. Denn nur wer spricht, kann Widerworte erwarten, lernen und staunen. Nicht das Gesagte, die Antwort z\u00e4hlt. Most people don&#8217;t seem to realize that there are still thousands on thousands of folks that go more by singing [&hellip;]","og_url":"https:\/\/hannes-jaehnert.de\/wordpress\/hannes-jaehnert\/interviews-vortraege\/","og_site_name":"Hannes J\u00e4hnert","article_modified_time":"2021-05-13T12:33:52+00:00","og_image":[{"width":669,"height":668,"url":"https:\/\/hannes-jaehnert.de\/wordpress\/wp-content\/uploads\/2021\/01\/Symbolbild_Gesagt.jpg","type":"image\/jpeg"}],"twitter_card":"summary_large_image","twitter_misc":{"Gesch\u00e4tzte Lesezeit":"2\u00a0Minuten"},"schema":{"@context":"https:\/\/schema.org","@graph":[{"@type":"WebPage","@id":"https:\/\/hannes-jaehnert.de\/wordpress\/hannes-jaehnert\/interviews-vortraege\/","url":"https:\/\/hannes-jaehnert.de\/wordpress\/hannes-jaehnert\/interviews-vortraege\/","name":"Gesagt &#8902; Hannes J\u00e4hnert","isPartOf":{"@id":"https:\/\/hannes-jaehnert.de\/wordpress\/#website"},"primaryImageOfPage":{"@id":"https:\/\/hannes-jaehnert.de\/wordpress\/hannes-jaehnert\/interviews-vortraege\/#primaryimage"},"image":{"@id":"https:\/\/hannes-jaehnert.de\/wordpress\/hannes-jaehnert\/interviews-vortraege\/#primaryimage"},"thumbnailUrl":"https:\/\/hannes-jaehnert.de\/wordpress\/wp-content\/uploads\/2021\/01\/Symbolbild_Gesagt.jpg","datePublished":"2021-01-24T12:06:02+00:00","dateModified":"2021-05-13T12:33:52+00:00","breadcrumb":{"@id":"https:\/\/hannes-jaehnert.de\/wordpress\/hannes-jaehnert\/interviews-vortraege\/#breadcrumb"},"inLanguage":"de","potentialAction":[{"@type":"ReadAction","target":["https:\/\/hannes-jaehnert.de\/wordpress\/hannes-jaehnert\/interviews-vortraege\/"]}]},{"@type":"ImageObject","inLanguage":"de","@id":"https:\/\/hannes-jaehnert.de\/wordpress\/hannes-jaehnert\/interviews-vortraege\/#primaryimage","url":"https:\/\/hannes-jaehnert.de\/wordpress\/wp-content\/uploads\/2021\/01\/Symbolbild_Gesagt.jpg","contentUrl":"https:\/\/hannes-jaehnert.de\/wordpress\/wp-content\/uploads\/2021\/01\/Symbolbild_Gesagt.jpg","width":669,"height":668},{"@type":"BreadcrumbList","@id":"https:\/\/hannes-jaehnert.de\/wordpress\/hannes-jaehnert\/interviews-vortraege\/#breadcrumb","itemListElement":[{"@type":"ListItem","position":1,"name":"Home","item":"https:\/\/hannes-jaehnert.de\/wordpress\/"},{"@type":"ListItem","position":2,"name":"Hannes J\u00e4hnert","item":"https:\/\/hannes-jaehnert.de\/wordpress\/hannes-jaehnert\/"},{"@type":"ListItem","position":3,"name":"Gesagt"}]},{"@type":"WebSite","@id":"https:\/\/hannes-jaehnert.de\/wordpress\/#website","url":"https:\/\/hannes-jaehnert.de\/wordpress\/","name":"Hannes J\u00e4hnert","description":"Engagementblogger &amp; Freizeitforscher","publisher":{"@id":"https:\/\/hannes-jaehnert.de\/wordpress\/#\/schema\/person\/1ab60f3bc0cd8e11ede09e5dc21d43b5"},"potentialAction":[{"@type":"SearchAction","target":{"@type":"EntryPoint","urlTemplate":"https:\/\/hannes-jaehnert.de\/wordpress\/?s={search_term_string}"},"query-input":{"@type":"PropertyValueSpecification","valueRequired":true,"valueName":"search_term_string"}}],"inLanguage":"de"},{"@type":["Person","Organization"],"@id":"https:\/\/hannes-jaehnert.de\/wordpress\/#\/schema\/person\/1ab60f3bc0cd8e11ede09e5dc21d43b5","name":"foulder","image":{"@type":"ImageObject","inLanguage":"de","@id":"https:\/\/hannes-jaehnert.de\/wordpress\/wp-content\/uploads\/2021\/02\/hannes-jaehnert_gemacht.jpg","url":"https:\/\/hannes-jaehnert.de\/wordpress\/wp-content\/uploads\/2021\/02\/hannes-jaehnert_gemacht.jpg","contentUrl":"https:\/\/hannes-jaehnert.de\/wordpress\/wp-content\/uploads\/2021\/02\/hannes-jaehnert_gemacht.jpg","width":2000,"height":2000,"caption":"foulder"},"logo":{"@id":"https:\/\/hannes-jaehnert.de\/wordpress\/wp-content\/uploads\/2021\/02\/hannes-jaehnert_gemacht.jpg"}}]}},"_links":{"self":[{"href":"https:\/\/hannes-jaehnert.de\/wordpress\/wp-json\/wp\/v2\/pages\/8575","targetHints":{"allow":["GET"]}}],"collection":[{"href":"https:\/\/hannes-jaehnert.de\/wordpress\/wp-json\/wp\/v2\/pages"}],"about":[{"href":"https:\/\/hannes-jaehnert.de\/wordpress\/wp-json\/wp\/v2\/types\/page"}],"author":[{"embeddable":true,"href":"https:\/\/hannes-jaehnert.de\/wordpress\/wp-json\/wp\/v2\/users\/3"}],"replies":[{"embeddable":true,"href":"https:\/\/hannes-jaehnert.de\/wordpress\/wp-json\/wp\/v2\/comments?post=8575"}],"version-history":[{"count":28,"href":"https:\/\/hannes-jaehnert.de\/wordpress\/wp-json\/wp\/v2\/pages\/8575\/revisions"}],"predecessor-version":[{"id":9208,"href":"https:\/\/hannes-jaehnert.de\/wordpress\/wp-json\/wp\/v2\/pages\/8575\/revisions\/9208"}],"up":[{"embeddable":true,"href":"https:\/\/hannes-jaehnert.de\/wordpress\/wp-json\/wp\/v2\/pages\/8561"}],"wp:featuredmedia":[{"embeddable":true,"href":"https:\/\/hannes-jaehnert.de\/wordpress\/wp-json\/wp\/v2\/media\/8753"}],"wp:attachment":[{"href":"https:\/\/hannes-jaehnert.de\/wordpress\/wp-json\/wp\/v2\/media?parent=8575"}],"curies":[{"name":"wp","href":"https:\/\/api.w.org\/{rel}","templated":true}]}}