{"id":8989,"date":"2021-02-07T17:16:56","date_gmt":"2021-02-07T16:16:56","guid":{"rendered":"https:\/\/hannes-jaehnert.de\/wordpress\/?page_id=8989"},"modified":"2021-02-13T13:28:54","modified_gmt":"2021-02-13T12:28:54","slug":"freestyle-skating","status":"publish","type":"page","link":"https:\/\/hannes-jaehnert.de\/wordpress\/hannes-jaehnert\/projekte\/freestyle-skating\/","title":{"rendered":"FREESTYLE SKATING"},"content":{"rendered":"\n<p class=\"has-drop-cap\">Berlin 2012: Die Europameisterschaft im Freestyle Slalom Skating steht an. Die <a href=\"https:\/\/www.facebook.com\/inlinegamesofficial\" target=\"_blank\" rel=\"noreferrer noopener\">Inline Games<\/a> sind in Vorbereitung. Und es l\u00e4uft! Die Community steht geschlossen hinter dem gr\u00f6\u00dften Freestyle Skating Event Deutschlands, das sich seit 2007 einen festen Platz in den Kalendern vieler Skater in ganz Europa erobert hat. <\/p>\n\n\n\n<p>Was noch fehlt ist die Moderation. F\u00fcr die MCs, die durch die Turniere f\u00fchren, gibt es seiner Zeit kaum Kriterien. Im Rule Book der <a href=\"https:\/\/www.worldslalomseries.com\/\" target=\"_blank\" rel=\"noreferrer noopener\">World Slalom Series Association (WSSA)<\/a> sind f\u00fcr sie 2012 kaum Regeln zu finden. Beste Voraussetzungen f\u00fcr Newcomer!<\/p>\n\n\n\n<p>Eine Skaterin der Berliner Crew Slalomplace, die schon das Jahr zuvor die Inline Games moderierte, machte sich mit mir daran, die Sache in die Hand zu nehmen. Und es funktionierte!<\/p>\n\n\n\n<div class=\"wp-block-cover alignfull has-parallax\" style=\"background-image:url(https:\/\/hannes-jaehnert.de\/wordpress\/wp-content\/uploads\/2021\/02\/EFSC13-Warsaw_final-shot-1024x446.jpg)\"><div class=\"wp-block-cover__inner-container is-layout-flow wp-block-cover-is-layout-flow\">\n<h2 class=\"has-text-align-center wp-block-heading\">Auf dem Weg zum &#8220;International MC&#8221;<\/h2>\n\n\n\n<p><\/p>\n<\/div><\/div>\n\n\n\n<p>Seit unserem ersten gemeinsamen Gig 2012 waren wir auf unz\u00e4hligen Events in Berlin und Hannover, Warschau, Moskau und Paris. Mal als Solo, oft als Duo eroberten wir uns die Events der Szene &#8211; mein Highlight bisher die Weltmeisterschaft 2018 in Arnhem (Niederlande). Und seit einigen Jahren, gibt es auch mehr zu lesen, zu den MCs bei Turnieren der WSSA.<\/p>\n\n\n\n<h2 class=\"wp-block-heading\">Wo wir lernten<\/h2>\n\n\n\n<div class=\"wp-block-columns is-layout-flex wp-container-core-columns-is-layout-9d6595d7 wp-block-columns-is-layout-flex\">\n<div class=\"wp-block-column is-layout-flow wp-block-column-is-layout-flow\" style=\"flex-basis:33.33%\">\n<figure class=\"wp-block-embed is-type-video is-provider-youtube wp-block-embed-youtube wp-embed-aspect-16-9 wp-has-aspect-ratio\"><div class=\"wp-block-embed__wrapper\">\n<iframe loading=\"lazy\" title=\"Rollerclub Cup 2012\" width=\"720\" height=\"405\" src=\"https:\/\/www.youtube.com\/embed\/eWQJXiow5tA?feature=oembed\" frameborder=\"0\" allow=\"accelerometer; autoplay; clipboard-write; encrypted-media; gyroscope; picture-in-picture; web-share\" referrerpolicy=\"strict-origin-when-cross-origin\" allowfullscreen><\/iframe>\n<\/div><\/figure>\n<\/div>\n\n\n\n<div class=\"wp-block-column is-layout-flow wp-block-column-is-layout-flow\" style=\"flex-basis:66.66%\">\n<p>Der Roller Club Cup ist das russische &#8220;Main Event&#8221; der Szene. Der RCC wird j\u00e4hrlich in Moskau ausgetragen &#8211; seit 2012 bin ich dort Stammgast, seit 2013 MC. <\/p>\n\n\n\n<p><a href=\"http:\/\/cup2019.rollerclub.ru\/en\/history.html\" target=\"_blank\" rel=\"noreferrer noopener\">&#8230; zur Geschichte des Roller Club Cup<\/a><\/p>\n<\/div>\n<\/div>\n\n\n\n<div class=\"wp-block-columns is-layout-flex wp-container-core-columns-is-layout-9d6595d7 wp-block-columns-is-layout-flex\">\n<div class=\"wp-block-column is-layout-flow wp-block-column-is-layout-flow\" style=\"flex-basis:33.33%\">\n<figure class=\"wp-block-embed is-type-video is-provider-vimeo wp-block-embed-vimeo wp-embed-aspect-18-9 wp-has-aspect-ratio\"><div class=\"wp-block-embed__wrapper\">\n<iframe loading=\"lazy\" title=\"European Freestyle Slalom Championship 2013 | 6th Battle Warsaw | edit\" src=\"https:\/\/player.vimeo.com\/video\/75872926?dnt=1&amp;app_id=122963\" width=\"720\" height=\"338\" frameborder=\"0\" allow=\"autoplay; fullscreen; picture-in-picture; clipboard-write; encrypted-media\"><\/iframe>\n<\/div><\/figure>\n<\/div>\n\n\n\n<div class=\"wp-block-column is-layout-flow wp-block-column-is-layout-flow\" style=\"flex-basis:66.66%\">\n<p>Die Europameisterschaft 2013 beim polnischen &#8220;Battle Warsaw&#8221; war unser zweiter gro\u00dfer Gig als &#8220;International MCs&#8221; &#8211; ein wahrlich gelungenes Event!<\/p>\n\n\n\n<p><a href=\"https:\/\/www.facebook.com\/Battle-Warsaw-587017544734374\/\" target=\"_blank\" rel=\"noreferrer noopener\">&#8230; das Battle Warsaw auf Facebook<\/a><\/p>\n<\/div>\n<\/div>\n\n\n\n<div class=\"wp-block-columns is-layout-flex wp-container-core-columns-is-layout-9d6595d7 wp-block-columns-is-layout-flex\">\n<div class=\"wp-block-column is-layout-flow wp-block-column-is-layout-flow\" style=\"flex-basis:33.33%\">\n<figure class=\"wp-block-embed is-type-video is-provider-youtube wp-block-embed-youtube wp-embed-aspect-16-9 wp-has-aspect-ratio\"><div class=\"wp-block-embed__wrapper\">\n<iframe loading=\"lazy\" title=\"PSWC 2014&#039; Paris Slalom World Cup\" width=\"720\" height=\"405\" src=\"https:\/\/www.youtube.com\/embed\/PUkmY4FWZc0?feature=oembed\" frameborder=\"0\" allow=\"accelerometer; autoplay; clipboard-write; encrypted-media; gyroscope; picture-in-picture; web-share\" referrerpolicy=\"strict-origin-when-cross-origin\" allowfullscreen><\/iframe>\n<\/div><\/figure>\n<\/div>\n\n\n\n<div class=\"wp-block-column is-layout-flow wp-block-column-is-layout-flow\" style=\"flex-basis:66.66%\">\n<p>Der &#8220;Paris Slalom World Cup&#8221;, der noch bis 2014 im freien auf dem Place du Trocad\u00e9ro ausgetragen wurde, ist das wohl beliebteste Event der Szene.<\/p>\n\n\n\n<p><a href=\"https:\/\/www.facebook.com\/parisslalomworldcup\/\" target=\"_blank\" rel=\"noreferrer noopener\">&#8230; der PSWC auf Facebook<\/a>  <\/p>\n<\/div>\n<\/div>\n\n\n\n<h2 class=\"wp-block-heading\">Berlin Inline Games (BIG)<\/h2>\n\n\n\n<p>Nachdem die Inline Games <a href=\"http:\/\/www.online-skating.com\/events-15174-inline-games-2014.html\" target=\"_blank\" rel=\"noreferrer noopener\">2013 und 2014 auf der Urban Sports Messe &#8220;SPORTS NOW&#8221; in Hannover<\/a> ausgetragen wurden, fielen sie 2015 aus. Wir beschlossen zu \u00fcbernehmen und organisierten das deutsche &#8220;Main Event&#8221; ab 2016 drei Jahre lang gemeinsam mit ihrem Gr\u00fcnder Dete Rehbock (<a href=\"https:\/\/www.soulstyle.de\/\" target=\"_blank\" rel=\"noreferrer noopener\">Soulstyle<\/a>) in Berlin-Neuk\u00f6lln.<\/p>\n\n\n\n<div class=\"wp-block-columns is-layout-flex wp-container-core-columns-is-layout-9d6595d7 wp-block-columns-is-layout-flex\">\n<div class=\"wp-block-column is-layout-flow wp-block-column-is-layout-flow\">\n<figure class=\"wp-block-embed is-type-video is-provider-vimeo wp-block-embed-vimeo wp-embed-aspect-16-9 wp-has-aspect-ratio\"><div class=\"wp-block-embed__wrapper\">\n<iframe loading=\"lazy\" title=\"INLINE GAMES 2017\" src=\"https:\/\/player.vimeo.com\/video\/229417658?dnt=1&amp;app_id=122963\" width=\"720\" height=\"405\" frameborder=\"0\" allow=\"autoplay; fullscreen; picture-in-picture; clipboard-write; encrypted-media\"><\/iframe>\n<\/div><\/figure>\n<\/div>\n\n\n\n<div class=\"wp-block-column is-layout-flow wp-block-column-is-layout-flow\">\n<figure class=\"wp-block-embed is-type-video is-provider-vimeo wp-block-embed-vimeo wp-embed-aspect-16-9 wp-has-aspect-ratio\"><div class=\"wp-block-embed__wrapper\">\n<iframe loading=\"lazy\" title=\"2017 INLINE GAMES DAY 01 Classic\" src=\"https:\/\/player.vimeo.com\/video\/227497887?dnt=1&amp;app_id=122963\" width=\"720\" height=\"405\" frameborder=\"0\" allow=\"autoplay; fullscreen; picture-in-picture; clipboard-write; encrypted-media\"><\/iframe>\n<\/div><\/figure>\n<\/div>\n\n\n\n<div class=\"wp-block-column is-layout-flow wp-block-column-is-layout-flow\">\n<figure class=\"wp-block-embed is-type-video is-provider-youtube wp-block-embed-youtube wp-embed-aspect-16-9 wp-has-aspect-ratio\"><div class=\"wp-block-embed__wrapper\">\n<iframe loading=\"lazy\" title=\"Inline Games Berlin 2018 | Sony a6300  | Mavic pro\" width=\"720\" height=\"405\" src=\"https:\/\/www.youtube.com\/embed\/13cS6Aqz2wk?feature=oembed\" frameborder=\"0\" allow=\"accelerometer; autoplay; clipboard-write; encrypted-media; gyroscope; picture-in-picture; web-share\" referrerpolicy=\"strict-origin-when-cross-origin\" allowfullscreen><\/iframe>\n<\/div><\/figure>\n<\/div>\n<\/div>\n\n\n\n<p><a href=\"https:\/\/hannes-jaehnert.de\/wordpress\/hannes-jaehnert\/projekte\/\">zur\u00fcck<\/a><\/p>\n","protected":false},"excerpt":{"rendered":"<p>Berlin 2012: Die Europameisterschaft im Freestyle Slalom Skating steht an. Die Inline Games sind in Vorbereitung. Und es l\u00e4uft! Die Community steht geschlossen hinter dem gr\u00f6\u00dften Freestyle Skating Event Deutschlands, das sich seit 2007 einen festen Platz in den Kalendern vieler Skater in ganz Europa erobert hat. Was noch fehlt ist die Moderation. F\u00fcr die [&hellip;]<\/p>\n","protected":false},"author":3,"featured_media":3511,"parent":8578,"menu_order":0,"comment_status":"closed","ping_status":"closed","template":"","meta":{"footnotes":""},"class_list":["post-8989","page","type-page","status-publish","has-post-thumbnail","hentry"],"yoast_head":"<!-- This site is optimized with the Yoast SEO plugin v27.2 - https:\/\/yoast.com\/product\/yoast-seo-wordpress\/ -->\n<title>FREESTYLE SKATING &#8902; Hannes J\u00e4hnert<\/title>\n<meta name=\"robots\" content=\"index, follow, max-snippet:-1, max-image-preview:large, max-video-preview:-1\" \/>\n<link rel=\"canonical\" href=\"https:\/\/hannes-jaehnert.de\/wordpress\/hannes-jaehnert\/projekte\/freestyle-skating\/\" \/>\n<meta property=\"og:locale\" content=\"de_DE\" \/>\n<meta property=\"og:type\" content=\"article\" \/>\n<meta property=\"og:title\" content=\"FREESTYLE SKATING &#8902; Hannes J\u00e4hnert\" \/>\n<meta property=\"og:description\" content=\"Berlin 2012: Die Europameisterschaft im Freestyle Slalom Skating steht an. Die Inline Games sind in Vorbereitung. Und es l\u00e4uft! Die Community steht geschlossen hinter dem gr\u00f6\u00dften Freestyle Skating Event Deutschlands, das sich seit 2007 einen festen Platz in den Kalendern vieler Skater in ganz Europa erobert hat. Was noch fehlt ist die Moderation. F\u00fcr die [&hellip;]\" \/>\n<meta property=\"og:url\" content=\"https:\/\/hannes-jaehnert.de\/wordpress\/hannes-jaehnert\/projekte\/freestyle-skating\/\" \/>\n<meta property=\"og:site_name\" content=\"Hannes J\u00e4hnert\" \/>\n<meta property=\"article:modified_time\" content=\"2021-02-13T12:28:54+00:00\" \/>\n<meta property=\"og:image\" content=\"https:\/\/hannes-jaehnert.de\/wordpress\/wp-content\/uploads\/2018\/02\/21014082_10213951060841226_2550869312783017941_o-e1612715122624.jpg\" \/>\n\t<meta property=\"og:image:width\" content=\"1080\" \/>\n\t<meta property=\"og:image:height\" content=\"648\" \/>\n\t<meta property=\"og:image:type\" content=\"image\/jpeg\" \/>\n<meta name=\"twitter:card\" content=\"summary_large_image\" \/>\n<meta name=\"twitter:label1\" content=\"Gesch\u00e4tzte Lesezeit\" \/>\n\t<meta name=\"twitter:data1\" content=\"2\u00a0Minuten\" \/>\n<script type=\"application\/ld+json\" class=\"yoast-schema-graph\">{\"@context\":\"https:\/\/schema.org\",\"@graph\":[{\"@type\":\"WebPage\",\"@id\":\"https:\/\/hannes-jaehnert.de\/wordpress\/hannes-jaehnert\/projekte\/freestyle-skating\/\",\"url\":\"https:\/\/hannes-jaehnert.de\/wordpress\/hannes-jaehnert\/projekte\/freestyle-skating\/\",\"name\":\"FREESTYLE SKATING &#8902; Hannes J\u00e4hnert\",\"isPartOf\":{\"@id\":\"https:\/\/hannes-jaehnert.de\/wordpress\/#website\"},\"primaryImageOfPage\":{\"@id\":\"https:\/\/hannes-jaehnert.de\/wordpress\/hannes-jaehnert\/projekte\/freestyle-skating\/#primaryimage\"},\"image\":{\"@id\":\"https:\/\/hannes-jaehnert.de\/wordpress\/hannes-jaehnert\/projekte\/freestyle-skating\/#primaryimage\"},\"thumbnailUrl\":\"https:\/\/hannes-jaehnert.de\/wordpress\/wp-content\/uploads\/2018\/02\/21014082_10213951060841226_2550869312783017941_o-e1612715122624.jpg\",\"datePublished\":\"2021-02-07T16:16:56+00:00\",\"dateModified\":\"2021-02-13T12:28:54+00:00\",\"breadcrumb\":{\"@id\":\"https:\/\/hannes-jaehnert.de\/wordpress\/hannes-jaehnert\/projekte\/freestyle-skating\/#breadcrumb\"},\"inLanguage\":\"de\",\"potentialAction\":[{\"@type\":\"ReadAction\",\"target\":[\"https:\/\/hannes-jaehnert.de\/wordpress\/hannes-jaehnert\/projekte\/freestyle-skating\/\"]}]},{\"@type\":\"ImageObject\",\"inLanguage\":\"de\",\"@id\":\"https:\/\/hannes-jaehnert.de\/wordpress\/hannes-jaehnert\/projekte\/freestyle-skating\/#primaryimage\",\"url\":\"https:\/\/hannes-jaehnert.de\/wordpress\/wp-content\/uploads\/2018\/02\/21014082_10213951060841226_2550869312783017941_o-e1612715122624.jpg\",\"contentUrl\":\"https:\/\/hannes-jaehnert.de\/wordpress\/wp-content\/uploads\/2018\/02\/21014082_10213951060841226_2550869312783017941_o-e1612715122624.jpg\",\"width\":1080,\"height\":648},{\"@type\":\"BreadcrumbList\",\"@id\":\"https:\/\/hannes-jaehnert.de\/wordpress\/hannes-jaehnert\/projekte\/freestyle-skating\/#breadcrumb\",\"itemListElement\":[{\"@type\":\"ListItem\",\"position\":1,\"name\":\"Home\",\"item\":\"https:\/\/hannes-jaehnert.de\/wordpress\/\"},{\"@type\":\"ListItem\",\"position\":2,\"name\":\"Hannes J\u00e4hnert\",\"item\":\"https:\/\/hannes-jaehnert.de\/wordpress\/hannes-jaehnert\/\"},{\"@type\":\"ListItem\",\"position\":3,\"name\":\"Gemacht\",\"item\":\"https:\/\/hannes-jaehnert.de\/wordpress\/hannes-jaehnert\/projekte\/\"},{\"@type\":\"ListItem\",\"position\":4,\"name\":\"FREESTYLE SKATING\"}]},{\"@type\":\"WebSite\",\"@id\":\"https:\/\/hannes-jaehnert.de\/wordpress\/#website\",\"url\":\"https:\/\/hannes-jaehnert.de\/wordpress\/\",\"name\":\"Hannes J\u00e4hnert\",\"description\":\"Engagementblogger &amp; Freizeitforscher\",\"publisher\":{\"@id\":\"https:\/\/hannes-jaehnert.de\/wordpress\/#\/schema\/person\/1ab60f3bc0cd8e11ede09e5dc21d43b5\"},\"potentialAction\":[{\"@type\":\"SearchAction\",\"target\":{\"@type\":\"EntryPoint\",\"urlTemplate\":\"https:\/\/hannes-jaehnert.de\/wordpress\/?s={search_term_string}\"},\"query-input\":{\"@type\":\"PropertyValueSpecification\",\"valueRequired\":true,\"valueName\":\"search_term_string\"}}],\"inLanguage\":\"de\"},{\"@type\":[\"Person\",\"Organization\"],\"@id\":\"https:\/\/hannes-jaehnert.de\/wordpress\/#\/schema\/person\/1ab60f3bc0cd8e11ede09e5dc21d43b5\",\"name\":\"foulder\",\"image\":{\"@type\":\"ImageObject\",\"inLanguage\":\"de\",\"@id\":\"https:\/\/hannes-jaehnert.de\/wordpress\/wp-content\/uploads\/2021\/02\/hannes-jaehnert_gemacht.jpg\",\"url\":\"https:\/\/hannes-jaehnert.de\/wordpress\/wp-content\/uploads\/2021\/02\/hannes-jaehnert_gemacht.jpg\",\"contentUrl\":\"https:\/\/hannes-jaehnert.de\/wordpress\/wp-content\/uploads\/2021\/02\/hannes-jaehnert_gemacht.jpg\",\"width\":2000,\"height\":2000,\"caption\":\"foulder\"},\"logo\":{\"@id\":\"https:\/\/hannes-jaehnert.de\/wordpress\/wp-content\/uploads\/2021\/02\/hannes-jaehnert_gemacht.jpg\"}}]}<\/script>\n<!-- \/ Yoast SEO plugin. -->","yoast_head_json":{"title":"FREESTYLE SKATING &#8902; Hannes J\u00e4hnert","robots":{"index":"index","follow":"follow","max-snippet":"max-snippet:-1","max-image-preview":"max-image-preview:large","max-video-preview":"max-video-preview:-1"},"canonical":"https:\/\/hannes-jaehnert.de\/wordpress\/hannes-jaehnert\/projekte\/freestyle-skating\/","og_locale":"de_DE","og_type":"article","og_title":"FREESTYLE SKATING &#8902; Hannes J\u00e4hnert","og_description":"Berlin 2012: Die Europameisterschaft im Freestyle Slalom Skating steht an. Die Inline Games sind in Vorbereitung. Und es l\u00e4uft! Die Community steht geschlossen hinter dem gr\u00f6\u00dften Freestyle Skating Event Deutschlands, das sich seit 2007 einen festen Platz in den Kalendern vieler Skater in ganz Europa erobert hat. Was noch fehlt ist die Moderation. F\u00fcr die [&hellip;]","og_url":"https:\/\/hannes-jaehnert.de\/wordpress\/hannes-jaehnert\/projekte\/freestyle-skating\/","og_site_name":"Hannes J\u00e4hnert","article_modified_time":"2021-02-13T12:28:54+00:00","og_image":[{"width":1080,"height":648,"url":"https:\/\/hannes-jaehnert.de\/wordpress\/wp-content\/uploads\/2018\/02\/21014082_10213951060841226_2550869312783017941_o-e1612715122624.jpg","type":"image\/jpeg"}],"twitter_card":"summary_large_image","twitter_misc":{"Gesch\u00e4tzte Lesezeit":"2\u00a0Minuten"},"schema":{"@context":"https:\/\/schema.org","@graph":[{"@type":"WebPage","@id":"https:\/\/hannes-jaehnert.de\/wordpress\/hannes-jaehnert\/projekte\/freestyle-skating\/","url":"https:\/\/hannes-jaehnert.de\/wordpress\/hannes-jaehnert\/projekte\/freestyle-skating\/","name":"FREESTYLE SKATING &#8902; Hannes J\u00e4hnert","isPartOf":{"@id":"https:\/\/hannes-jaehnert.de\/wordpress\/#website"},"primaryImageOfPage":{"@id":"https:\/\/hannes-jaehnert.de\/wordpress\/hannes-jaehnert\/projekte\/freestyle-skating\/#primaryimage"},"image":{"@id":"https:\/\/hannes-jaehnert.de\/wordpress\/hannes-jaehnert\/projekte\/freestyle-skating\/#primaryimage"},"thumbnailUrl":"https:\/\/hannes-jaehnert.de\/wordpress\/wp-content\/uploads\/2018\/02\/21014082_10213951060841226_2550869312783017941_o-e1612715122624.jpg","datePublished":"2021-02-07T16:16:56+00:00","dateModified":"2021-02-13T12:28:54+00:00","breadcrumb":{"@id":"https:\/\/hannes-jaehnert.de\/wordpress\/hannes-jaehnert\/projekte\/freestyle-skating\/#breadcrumb"},"inLanguage":"de","potentialAction":[{"@type":"ReadAction","target":["https:\/\/hannes-jaehnert.de\/wordpress\/hannes-jaehnert\/projekte\/freestyle-skating\/"]}]},{"@type":"ImageObject","inLanguage":"de","@id":"https:\/\/hannes-jaehnert.de\/wordpress\/hannes-jaehnert\/projekte\/freestyle-skating\/#primaryimage","url":"https:\/\/hannes-jaehnert.de\/wordpress\/wp-content\/uploads\/2018\/02\/21014082_10213951060841226_2550869312783017941_o-e1612715122624.jpg","contentUrl":"https:\/\/hannes-jaehnert.de\/wordpress\/wp-content\/uploads\/2018\/02\/21014082_10213951060841226_2550869312783017941_o-e1612715122624.jpg","width":1080,"height":648},{"@type":"BreadcrumbList","@id":"https:\/\/hannes-jaehnert.de\/wordpress\/hannes-jaehnert\/projekte\/freestyle-skating\/#breadcrumb","itemListElement":[{"@type":"ListItem","position":1,"name":"Home","item":"https:\/\/hannes-jaehnert.de\/wordpress\/"},{"@type":"ListItem","position":2,"name":"Hannes J\u00e4hnert","item":"https:\/\/hannes-jaehnert.de\/wordpress\/hannes-jaehnert\/"},{"@type":"ListItem","position":3,"name":"Gemacht","item":"https:\/\/hannes-jaehnert.de\/wordpress\/hannes-jaehnert\/projekte\/"},{"@type":"ListItem","position":4,"name":"FREESTYLE SKATING"}]},{"@type":"WebSite","@id":"https:\/\/hannes-jaehnert.de\/wordpress\/#website","url":"https:\/\/hannes-jaehnert.de\/wordpress\/","name":"Hannes J\u00e4hnert","description":"Engagementblogger &amp; Freizeitforscher","publisher":{"@id":"https:\/\/hannes-jaehnert.de\/wordpress\/#\/schema\/person\/1ab60f3bc0cd8e11ede09e5dc21d43b5"},"potentialAction":[{"@type":"SearchAction","target":{"@type":"EntryPoint","urlTemplate":"https:\/\/hannes-jaehnert.de\/wordpress\/?s={search_term_string}"},"query-input":{"@type":"PropertyValueSpecification","valueRequired":true,"valueName":"search_term_string"}}],"inLanguage":"de"},{"@type":["Person","Organization"],"@id":"https:\/\/hannes-jaehnert.de\/wordpress\/#\/schema\/person\/1ab60f3bc0cd8e11ede09e5dc21d43b5","name":"foulder","image":{"@type":"ImageObject","inLanguage":"de","@id":"https:\/\/hannes-jaehnert.de\/wordpress\/wp-content\/uploads\/2021\/02\/hannes-jaehnert_gemacht.jpg","url":"https:\/\/hannes-jaehnert.de\/wordpress\/wp-content\/uploads\/2021\/02\/hannes-jaehnert_gemacht.jpg","contentUrl":"https:\/\/hannes-jaehnert.de\/wordpress\/wp-content\/uploads\/2021\/02\/hannes-jaehnert_gemacht.jpg","width":2000,"height":2000,"caption":"foulder"},"logo":{"@id":"https:\/\/hannes-jaehnert.de\/wordpress\/wp-content\/uploads\/2021\/02\/hannes-jaehnert_gemacht.jpg"}}]}},"_links":{"self":[{"href":"https:\/\/hannes-jaehnert.de\/wordpress\/wp-json\/wp\/v2\/pages\/8989","targetHints":{"allow":["GET"]}}],"collection":[{"href":"https:\/\/hannes-jaehnert.de\/wordpress\/wp-json\/wp\/v2\/pages"}],"about":[{"href":"https:\/\/hannes-jaehnert.de\/wordpress\/wp-json\/wp\/v2\/types\/page"}],"author":[{"embeddable":true,"href":"https:\/\/hannes-jaehnert.de\/wordpress\/wp-json\/wp\/v2\/users\/3"}],"replies":[{"embeddable":true,"href":"https:\/\/hannes-jaehnert.de\/wordpress\/wp-json\/wp\/v2\/comments?post=8989"}],"version-history":[{"count":21,"href":"https:\/\/hannes-jaehnert.de\/wordpress\/wp-json\/wp\/v2\/pages\/8989\/revisions"}],"predecessor-version":[{"id":9642,"href":"https:\/\/hannes-jaehnert.de\/wordpress\/wp-json\/wp\/v2\/pages\/8989\/revisions\/9642"}],"up":[{"embeddable":true,"href":"https:\/\/hannes-jaehnert.de\/wordpress\/wp-json\/wp\/v2\/pages\/8578"}],"wp:featuredmedia":[{"embeddable":true,"href":"https:\/\/hannes-jaehnert.de\/wordpress\/wp-json\/wp\/v2\/media\/3511"}],"wp:attachment":[{"href":"https:\/\/hannes-jaehnert.de\/wordpress\/wp-json\/wp\/v2\/media?parent=8989"}],"curies":[{"name":"wp","href":"https:\/\/api.w.org\/{rel}","templated":true}]}}