{"id":9117,"date":"2021-02-20T10:56:42","date_gmt":"2021-02-20T09:56:42","guid":{"rendered":"https:\/\/hannes-jaehnert.de\/wordpress\/?page_id=9117"},"modified":"2026-01-07T13:09:17","modified_gmt":"2026-01-07T12:09:17","slug":"newsletter","status":"publish","type":"page","link":"https:\/\/hannes-jaehnert.de\/wordpress\/newsletter\/","title":{"rendered":"Newsletter"},"content":{"rendered":"\n<p>Sch\u00f6n, dass du Interesse an meinem Newsletter hast. Neues und Lesenswertes gibt&#8217;s dann und wann frei Haus in dieser Runde.<\/p>\n\n\n  \n  \n  <div class=\"\n    mailpoet_form_popup_overlay\n      \"><\/div>\n  <div\n    id=\"mailpoet_form_1\"\n    class=\"\n      mailpoet_form\n      mailpoet_form_html\n      mailpoet_form_position_\n      mailpoet_form_animation_\n    \"\n      >\n\n    <style type=\"text\/css\">\n     #mailpoet_form_1 .mailpoet_form {  }\n#mailpoet_form_1 .mailpoet_column_with_background { padding: 10px; }\n#mailpoet_form_1 .mailpoet_form_column:not(:first-child) { margin-left: 20px; }\n#mailpoet_form_1 .mailpoet_paragraph { line-height: 20px; margin-bottom: 20px; }\n#mailpoet_form_1 .mailpoet_segment_label, #mailpoet_form_1 .mailpoet_text_label, #mailpoet_form_1 .mailpoet_textarea_label, #mailpoet_form_1 .mailpoet_select_label, #mailpoet_form_1 .mailpoet_radio_label, #mailpoet_form_1 .mailpoet_checkbox_label, #mailpoet_form_1 .mailpoet_list_label, #mailpoet_form_1 .mailpoet_date_label { display: block; font-weight: normal; }\n#mailpoet_form_1 .mailpoet_text, #mailpoet_form_1 .mailpoet_textarea, #mailpoet_form_1 .mailpoet_select, #mailpoet_form_1 .mailpoet_date_month, #mailpoet_form_1 .mailpoet_date_day, #mailpoet_form_1 .mailpoet_date_year, #mailpoet_form_1 .mailpoet_date { display: block; }\n#mailpoet_form_1 .mailpoet_text, #mailpoet_form_1 .mailpoet_textarea { width: 200px; }\n#mailpoet_form_1 .mailpoet_checkbox {  }\n#mailpoet_form_1 .mailpoet_submit {  }\n#mailpoet_form_1 .mailpoet_divider {  }\n#mailpoet_form_1 .mailpoet_message {  }\n#mailpoet_form_1 .mailpoet_form_loading { width: 30px; text-align: center; line-height: normal; }\n#mailpoet_form_1 .mailpoet_form_loading > span { width: 5px; height: 5px; background-color: #5b5b5b; }#mailpoet_form_1{border-radius: 0px;text-align: left;}#mailpoet_form_1 form.mailpoet_form {padding: 0px;}#mailpoet_form_1{width: 100%;}#mailpoet_form_1 .mailpoet_message {margin: 0; padding: 0 20px;}#mailpoet_form_1 .mailpoet_paragraph.last {margin-bottom: 0} @media (max-width: 500px) {#mailpoet_form_1 {background-image: none;}} @media (min-width: 500px) {#mailpoet_form_1 .last .mailpoet_paragraph:last-child {margin-bottom: 0}}  @media (max-width: 500px) {#mailpoet_form_1 .mailpoet_form_column:last-child .mailpoet_paragraph:last-child {margin-bottom: 0}} \n    <\/style>\n\n    <form\n      target=\"_self\"\n      method=\"post\"\n      action=\"https:\/\/hannes-jaehnert.de\/wordpress\/wp-admin\/admin-post.php?action=mailpoet_subscription_form\"\n      class=\"mailpoet_form mailpoet_form_form mailpoet_form_html\"\n      novalidate\n      data-delay=\"\"\n      data-exit-intent-enabled=\"\"\n      data-font-family=\"\"\n      data-cookie-expiration-time=\"\"\n    >\n      <input type=\"hidden\" name=\"data[form_id]\" value=\"1\" \/>\n      <input type=\"hidden\" name=\"token\" value=\"7776034d45\" \/>\n      <input type=\"hidden\" name=\"api_version\" value=\"v1\" \/>\n      <input type=\"hidden\" name=\"endpoint\" value=\"subscribers\" \/>\n      <input type=\"hidden\" name=\"mailpoet_method\" value=\"subscribe\" \/>\n\n      <label class=\"mailpoet_hp_email_label\" style=\"display: none !important;\">Bitte dieses Feld leer lassen<input type=\"email\" name=\"data[email]\"\/><\/label><div class=\"mailpoet_paragraph \"><input type=\"email\" autocomplete=\"email\" class=\"mailpoet_text\" id=\"form_email_1\" name=\"data[form_field_YmM4NTY0NDMxMWQwX2VtYWls]\" title=\"E-Mail-Adresse\" value=\"\" style=\"width:100%;box-sizing:border-box;padding:5px;margin: 0 auto 0 0;\" data-automation-id=\"form_email\"  placeholder=\"E-Mail-Adresse *\" aria-label=\"E-Mail-Adresse *\" data-parsley-errors-container=\".mailpoet_error_1lund\" data-parsley-required=\"true\" required aria-required=\"true\" data-parsley-minlength=\"6\" data-parsley-maxlength=\"150\" data-parsley-type-message=\"Dieser Wert sollte eine g\u00fcltige E-Mail-Adresse sein.\" data-parsley-required-message=\"Dieses Feld wird ben\u00f6tigt.\"\/><span class=\"mailpoet_error_1lund\"><\/span><\/div>\n<div class=\"mailpoet_paragraph \"><input type=\"submit\" class=\"mailpoet_submit\" value=\"Abonnieren!\" data-automation-id=\"subscribe-submit-button\" style=\"width:100%;box-sizing:border-box;padding:5px;margin: 0 auto 0 0;border-color:transparent;\" \/><span class=\"mailpoet_form_loading\"><span class=\"mailpoet_bounce1\"><\/span><span class=\"mailpoet_bounce2\"><\/span><span class=\"mailpoet_bounce3\"><\/span><\/span><\/div>\n\n      <div class=\"mailpoet_message\">\n        <p class=\"mailpoet_validate_success\"\n                style=\"display:none;\"\n                >Pr\u00fcfe deinen Posteingang oder Spam-Ordner, um dein Abonnement zu best\u00e4tigen.\n        <\/p>\n        <p class=\"mailpoet_validate_error\"\n                style=\"display:none;\"\n                >        <\/p>\n      <\/div>\n    <\/form>\n\n      <\/div>\n\n  \n\n\n<p><\/p>\n\n\n\n<p><a href=\"http:\/\/hannes-jaehnert.de\">Homepage<\/a><\/p>\n\n\n\n<h2 class=\"wp-block-heading\" id=\"archiv\">Archiv<\/h2>\n\n\n\n<ul class=\"wp-block-list\">\n<li><a href=\"https:\/\/hannes-jaehnert.de\/wordpress\/?mailpoet_router&amp;endpoint=view_in_browser&amp;action=view&amp;data=WzIwLCJmOGQ0YjNiZjI2MDgiLDAsMCw2NiwxXQ\" target=\"_blank\" rel=\"noreferrer noopener\">KI f\u00fcrs Gemeinwohl<\/a> &#8211; Nr. #18: mit einem freundlichen Hinweis auf den KI-F\u00f6rdermittelkompass von Reflecta Network. Cooles Tool, das das F\u00f6rdermittel-Game deutlich vereinfachen soll.<\/li>\n\n\n\n<li><a href=\"https:\/\/hannes-jaehnert.de\/wordpress\/?mailpoet_router&amp;endpoint=view_in_browser&amp;action=view&amp;data=WzE5LCJiM2M3N2FjN2FiYjEiLDAsMCw2MywxXQ\" target=\"_blank\" rel=\"noreferrer noopener\">Vorw\u00e4rts immer, Schn\u00f6rkel nimmer<\/a> &#8211; Nr. #17: f\u00fcnf Tipps f\u00fcr gute Texte von Wolf Schneider, ein paar Worte zur M\u00fche, die man sich geben sollte und ein zeitgeistiger KI-Tipp<\/li>\n\n\n\n<li><a href=\"https:\/\/hannes-jaehnert.de\/wordpress\/?mailpoet_router&amp;endpoint=view_in_browser&amp;action=view&amp;data=WzE3LCIyMTIyZDNkOTFiOTEiLDAsMCw1OSwxXQ\" target=\"_blank\" rel=\"noreferrer noopener\">Wenn eine:r einen Antrag schreibt <\/a>&#8211; Nr. #16: ein Newsletter \u00fcber Dinge, die keinen Spa\u00df machen und Menschen, die es eigentlich interessiert, ein Newsletter zum Weiterleiten.<\/li>\n\n\n\n<li><a href=\"https:\/\/hannes-jaehnert.de\/wordpress\/?mailpoet_router&amp;endpoint=view_in_browser&amp;action=view&amp;data=WzE2LCJjYTNjM2QwMzkyMzYiLDAsMCw1MiwxXQ\" target=\"_blank\" rel=\"noreferrer noopener\">Patriarchat verlernen! Oder Schl\u00e4gerei.<\/a> &#8211; Nr. #15: eine ganz kurze Geschichte \u00fcber den Anfang des Patriarchats, das schleunigst unleart geh\u00f6rt. Und ein Hinweis, worum es dabei wirklich wirklich geht.<\/li>\n\n\n\n<li><a href=\"https:\/\/hannes-jaehnert.de\/wordpress\/?mailpoet_router&amp;endpoint=view_in_browser&amp;action=view&amp;data=WzE1LCI3NTg3N2UyZGIzNGEiLDAsMCw0OSwxXQ\">Mehr Demokratie wagen<\/a> &#8211; Nr. #14: ein Blick ins Buch von Bruno S. Frey und Oliver Zimmer &#8211; ein Blick in die D\u00fcsternis des Regierungssystems und auf strahlende Vorschl\u00e4ge zur Erneuerung der Demokratie.<\/li>\n\n\n\n<li><a href=\"https:\/\/hannes-jaehnert.de\/wordpress\/?mailpoet_router&amp;endpoint=view_in_browser&amp;action=view&amp;data=WzE0LCI2ZjY4NzcxNTZlMDkiLDAsMCwwLDFd\" target=\"_blank\" rel=\"noreferrer noopener\">Die Dinge singen h\u00f6r&#8217; ich so gern<\/a> &#8211; Nr. #13: ein Blick in die zauberhaften neuen Arbeitswelten der (vertikal) entfalteten Organisationen, auf mystische Prinzipien und singende, klingende Change-Prozesse.  <\/li>\n\n\n\n<li><a href=\"https:\/\/hannes-jaehnert.de\/wordpress\/?mailpoet_router&amp;endpoint=view_in_browser&amp;action=view&amp;data=WzEzLCI4MDkxMWYyZjczNzEiLDAsMCwzOCwxXQ\" target=\"_blank\" rel=\"noreferrer noopener\">Ehrenamt: Ein Privileg weniger<\/a> &#8211; Nr. #12: ein Blick in den Sonderband der &#8220;Voluntaris&#8221; zu Teilhabe und Ausschl\u00fcssen in Engagement und Ehrenamt mit Insights zur Organisation (bzw. Reproduktion) gesellschaftlicher Exklusionsverh\u00e4ltnisse.<\/li>\n\n\n\n<li><a href=\"https:\/\/hannes-jaehnert.de\/wordpress\/?mailpoet_router&amp;endpoint=view_in_browser&amp;action=view&amp;data=WzEyLCI5M2NiYTA3OGFkMDAiLDAsMCwwLDFd\" target=\"_blank\" rel=\"noreferrer noopener\">Ein Feuerwerk der Rechtschreibfehler<\/a> &#8211; Nr. #11: ein Blick in den Sammelband &#8220;Zukunft gestalten mit Sozialen Innovationen&#8221;, ein Buch voller Insights zu internationalen Debatten um Soziale Innovationen. Und ein Buch voller Rechtschreibfehler.<\/li>\n\n\n\n<li><a href=\"https:\/\/hannes-jaehnert.de\/wordpress\/?mailpoet_router&amp;endpoint=view_in_browser&amp;action=view&amp;data=WzExLCI5YWE4ZTY1MzE0YmUiLDAsMCwwLDFd\" target=\"_blank\" rel=\"noreferrer noopener\">Intrapreneurship ist Kampfsport<\/a> &#8211; Nr. #10: ein echter Must-Read f\u00fcr F\u00fchrungskr\u00e4fte in etablierten Nonprofits: die Case-Study zum Innovationslabor des DRK (2017-2019). Mit dabei: sechs Tipps f\u00fcr die Innovationsf\u00f6rderung.<\/li>\n\n\n\n<li><a href=\"https:\/\/hannes-jaehnert.de\/wordpress\/?mailpoet_router&amp;endpoint=view_in_browser&amp;action=view&amp;data=WzEwLCIyMTEwYWY0OTQyMjMiLDAsMCwyNiwxXQ\" target=\"_blank\" rel=\"noreferrer noopener\">&#8220;Demokratie braucht Religion&#8221;<\/a> &#8211; Nr. #9: ein kurzer Blick ins Buch mit einen Vortrag von Hartmut Rosa. Es geht um Religion und Gregor Gysi schrieb das Vorwort.<\/li>\n\n\n\n<li><a href=\"https:\/\/hannes-jaehnert.de\/wordpress\/?mailpoet_router&amp;endpoint=view_in_browser&amp;action=view&amp;data=WzksIjNhOGVhZTQzZGRkZiIsMCwwLDAsMV0\" target=\"_blank\" rel=\"noreferrer noopener\">New Work unter&#8217;m Skalpell<\/a> &#8211; Nr. #8: eine klare Empfehlung des B\u00fcchleins <em>Die Humanisierung der Organisation<\/em>, dem Gegenentwurf zu &#8220;New Work Needs Inner Work&#8221;<\/li>\n\n\n\n<li><a href=\"https:\/\/hannes-jaehnert.de\/wordpress\/?mailpoet_router&amp;endpoint=view_in_browser&amp;action=view&amp;data=WzgsImIwZjNkMjIyZjNhOSIsMCwwLDAsMV0\" target=\"_blank\" rel=\"noreferrer noopener\">Was wohl die Zukunft bringt?<\/a> &#8211; Nr. #7: ein Newsletter zur B\u00fcrgergesellschaft von morgen und dem Foresightprojekt von ZiviZ: &#8220;Zivilgesellschaft 2031&#8221;.<\/li>\n\n\n\n<li><a href=\"https:\/\/hannes-jaehnert.de\/wordpress\/?mailpoet_router&amp;endpoint=view_in_browser&amp;action=view&amp;data=WzcsIjUxYzY2ODQxMzY4NiIsNiwiMWwxb2h3aTFjaWh3c2M0Z3dvb2M4c3djb29jODRndzgiLDE4LDBd\" target=\"_blank\" rel=\"noreferrer noopener\">Was \u00fcbrig bleibt (Weihnachtslekt\u00fcre)<\/a> &#8211; Nr. #6: ein Newsletter zur Corona-Vorlesung, die zum reflektierten Weiterdenken anregt &#8211; \u00fcber die Stammtisch-Virologie und Milchm\u00e4dchen-BWL hinaus.<\/li>\n\n\n\n<li><a href=\"https:\/\/www.google.com\/url?q=https:\/\/hannes-jaehnert.de\/wordpress?mailpoet_router%26endpoint%3Dtrack%26action%3Dclick%26data%3DWzYsIjFsMW9od2kxY2lod3NjNGd3b29jOHN3Y29vYzg0Z3c4IiwiMTMiLCI4MGUzZTQ0NGNiMzUiLGZhbHNlXQ&amp;source=gmail-imap&amp;ust=1632736811000000&amp;usg=AOvVaw2qW-qwwWnQLfBZL5X7sGBv\" target=\"_blank\" rel=\"noreferrer noopener\">Mehr als ein schwarzer G\u00fcrtel in Achtsamkeit<\/a> &#8211; Nr. #5: ein Newsletter zum Buch &#8220;Innenansicht&#8221; von Joana Breidenbach und zentralen Learnings zu \u00dcbung und Meisterschaft.<\/li>\n\n\n\n<li><a href=\"https:\/\/hannes-jaehnert.de\/wordpress\/?mailpoet_router&amp;endpoint=view_in_browser&amp;action=view&amp;data=WzQsImIxM2JjOWFhMDg2ZiIsNSwiMWV5aG9teXR4MnNnY3djODRva3NrY28wb2M0OGdna3ciLDQsMF0\" target=\"_blank\" rel=\"noreferrer noopener\">Der gemeinsame Aufbruch ins New Normal<\/a> &#8211; Nr. #4: ein Newsletter zu Mut und Zuversicht, eine Haltung der t\u00e4tigen Erneuerung und die Gestaltung eines besseren Morgen nach der Pandemie.<\/li>\n\n\n\n<li><a href=\"https:\/\/hannes-jaehnert.de\/wordpress\/?mailpoet_router&amp;endpoint=view_in_browser&amp;action=view&amp;data=WzMsIjBiMTZkZjJjZDhjYyIsNSwiMWV5aG9teXR4MnNnY3djODRva3NrY28wb2M0OGdna3ciLDMsMF0\" target=\"_blank\" rel=\"noreferrer noopener\">Das B\u00fcro der Zukunft<\/a> &#8211; Nr. #3: ein #LongRead zum B\u00fcro der Zukunft, das zur Anwesenheit verf\u00fchrt statt verpflichtet; ein sozialer Ankerpunkt und Lernort f\u00fcr die hybride Teamarbeit.<\/li>\n\n\n\n<li><a href=\"https:\/\/hannes-jaehnert.de\/wordpress\/?mailpoet_router&amp;endpoint=view_in_browser&amp;action=view&amp;data=WzIsIjU2Mzc1NzA4NzlkMCIsNSwiMWV5aG9teXR4MnNnY3djODRva3NrY28wb2M0OGdna3ciLDIsMF0\" target=\"_blank\" rel=\"noreferrer noopener\">Die Abenteuer der Innovation<\/a> &#8211; Nr. #2: ein #MustRead f\u00fcr alle, die sich in Innovation-Ecosystems bewegen und Orientierung f\u00fcr die gemeinsame Reise ins Neuland suchen.<\/li>\n\n\n\n<li><a href=\"https:\/\/hannes-jaehnert.de\/wordpress\/?mailpoet_router&amp;endpoint=view_in_browser&amp;action=view&amp;data=WzEsIjc2NzIyMWRiOGIzZiIsNSwiMWV5aG9teXR4MnNnY3djODRva3NrY28wb2M0OGdna3ciLDEsMF0\" target=\"_blank\" rel=\"noreferrer noopener\">Die Kunst, nicht einverstanden zu sein<\/a> &#8211; Nr. #1: ein #GoodRead \u00fcber das gepflegte Nicht-Einverstanden-Sein, \u00fcber das sch\u00f6ne Wort &#8220;Disagreement&#8221; und das gekonnte Argumentieren im Netz<\/li>\n<\/ul>\n\n\n\n<p><\/p>\n","protected":false},"excerpt":{"rendered":"<p>Sch\u00f6n, dass du Interesse an meinem Newsletter hast. Neues und Lesenswertes gibt&#8217;s dann und wann frei Haus in dieser Runde. Homepage Archiv<\/p>\n","protected":false},"author":3,"featured_media":9457,"parent":0,"menu_order":0,"comment_status":"closed","ping_status":"closed","template":"","meta":{"footnotes":""},"class_list":["post-9117","page","type-page","status-publish","has-post-thumbnail","hentry"],"yoast_head":"<!-- This site is optimized with the Yoast SEO plugin v27.2 - https:\/\/yoast.com\/product\/yoast-seo-wordpress\/ -->\n<title>Newsletter &#8902; Hannes J\u00e4hnert<\/title>\n<meta name=\"description\" content=\"Neuigkeiten zu digitalem Ehrenamt, Freiwilligenmanagement und Zivilgesellschaft schicke ich dann und wann, frei Haus, per E-Mail-Newsletter\" \/>\n<meta name=\"robots\" content=\"index, follow, max-snippet:-1, max-image-preview:large, max-video-preview:-1\" \/>\n<link rel=\"canonical\" href=\"https:\/\/hannes-jaehnert.de\/wordpress\/newsletter\/\" \/>\n<meta property=\"og:locale\" content=\"de_DE\" \/>\n<meta property=\"og:type\" content=\"article\" \/>\n<meta property=\"og:title\" content=\"n Newsletter &#8902; Hannes J\u00e4hnert\" \/>\n<meta property=\"og:description\" content=\"Neuigkeiten zu digitalem Ehrenamt, Freiwilligenmanagement und Zivilgesellschaft schicke ich dann und wann, frei Haus, per E-Mail-Newsletter\" \/>\n<meta property=\"og:url\" content=\"https:\/\/hannes-jaehnert.de\/wordpress\/newsletter\/\" \/>\n<meta property=\"og:site_name\" content=\"Hannes J\u00e4hnert\" \/>\n<meta property=\"article:modified_time\" content=\"2026-01-07T12:09:17+00:00\" \/>\n<meta property=\"og:image\" content=\"https:\/\/hannes-jaehnert.de\/wordpress\/wp-content\/uploads\/2021\/02\/Hannes-Jaehnert_schreiben-scaled.jpg\" \/>\n\t<meta property=\"og:image:width\" content=\"2560\" \/>\n\t<meta property=\"og:image:height\" content=\"1682\" \/>\n\t<meta property=\"og:image:type\" content=\"image\/jpeg\" \/>\n<meta name=\"twitter:card\" content=\"summary_large_image\" \/>\n<meta name=\"twitter:title\" content=\"Hannes J\u00e4hnert &#8902; Newsletter\" \/>\n<meta name=\"twitter:image\" content=\"https:\/\/hannes-jaehnert.de\/wordpress\/wp-content\/uploads\/2021\/02\/Hannes-Jaehnert_schreiben-scaled.jpg\" \/>\n<meta name=\"twitter:label1\" content=\"Gesch\u00e4tzte Lesezeit\" \/>\n\t<meta name=\"twitter:data1\" content=\"3\u00a0Minuten\" \/>\n<script type=\"application\/ld+json\" class=\"yoast-schema-graph\">{\"@context\":\"https:\/\/schema.org\",\"@graph\":[{\"@type\":\"WebPage\",\"@id\":\"https:\/\/hannes-jaehnert.de\/wordpress\/newsletter\/\",\"url\":\"https:\/\/hannes-jaehnert.de\/wordpress\/newsletter\/\",\"name\":\"Newsletter &#8902; Hannes J\u00e4hnert\",\"isPartOf\":{\"@id\":\"https:\/\/hannes-jaehnert.de\/wordpress\/#website\"},\"primaryImageOfPage\":{\"@id\":\"https:\/\/hannes-jaehnert.de\/wordpress\/newsletter\/#primaryimage\"},\"image\":{\"@id\":\"https:\/\/hannes-jaehnert.de\/wordpress\/newsletter\/#primaryimage\"},\"thumbnailUrl\":\"https:\/\/hannes-jaehnert.de\/wordpress\/wp-content\/uploads\/2023\/01\/hannes_jaehnert_by_joerg_farys-226-scaled-e1672663712111.jpg\",\"datePublished\":\"2021-02-20T09:56:42+00:00\",\"dateModified\":\"2026-01-07T12:09:17+00:00\",\"description\":\"Neuigkeiten zu digitalem Ehrenamt, Freiwilligenmanagement und Zivilgesellschaft schicke ich dann und wann, frei Haus, per E-Mail-Newsletter\",\"breadcrumb\":{\"@id\":\"https:\/\/hannes-jaehnert.de\/wordpress\/newsletter\/#breadcrumb\"},\"inLanguage\":\"de\",\"potentialAction\":[{\"@type\":\"ReadAction\",\"target\":[\"https:\/\/hannes-jaehnert.de\/wordpress\/newsletter\/\"]}]},{\"@type\":\"ImageObject\",\"inLanguage\":\"de\",\"@id\":\"https:\/\/hannes-jaehnert.de\/wordpress\/newsletter\/#primaryimage\",\"url\":\"https:\/\/hannes-jaehnert.de\/wordpress\/wp-content\/uploads\/2023\/01\/hannes_jaehnert_by_joerg_farys-226-scaled-e1672663712111.jpg\",\"contentUrl\":\"https:\/\/hannes-jaehnert.de\/wordpress\/wp-content\/uploads\/2023\/01\/hannes_jaehnert_by_joerg_farys-226-scaled-e1672663712111.jpg\",\"width\":1701,\"height\":1702},{\"@type\":\"BreadcrumbList\",\"@id\":\"https:\/\/hannes-jaehnert.de\/wordpress\/newsletter\/#breadcrumb\",\"itemListElement\":[{\"@type\":\"ListItem\",\"position\":1,\"name\":\"Home\",\"item\":\"https:\/\/hannes-jaehnert.de\/wordpress\/\"},{\"@type\":\"ListItem\",\"position\":2,\"name\":\"Newsletter\"}]},{\"@type\":\"WebSite\",\"@id\":\"https:\/\/hannes-jaehnert.de\/wordpress\/#website\",\"url\":\"https:\/\/hannes-jaehnert.de\/wordpress\/\",\"name\":\"Hannes J\u00e4hnert\",\"description\":\"Engagementblogger &amp; Freizeitforscher\",\"publisher\":{\"@id\":\"https:\/\/hannes-jaehnert.de\/wordpress\/#\/schema\/person\/1ab60f3bc0cd8e11ede09e5dc21d43b5\"},\"potentialAction\":[{\"@type\":\"SearchAction\",\"target\":{\"@type\":\"EntryPoint\",\"urlTemplate\":\"https:\/\/hannes-jaehnert.de\/wordpress\/?s={search_term_string}\"},\"query-input\":{\"@type\":\"PropertyValueSpecification\",\"valueRequired\":true,\"valueName\":\"search_term_string\"}}],\"inLanguage\":\"de\"},{\"@type\":[\"Person\",\"Organization\"],\"@id\":\"https:\/\/hannes-jaehnert.de\/wordpress\/#\/schema\/person\/1ab60f3bc0cd8e11ede09e5dc21d43b5\",\"name\":\"foulder\",\"image\":{\"@type\":\"ImageObject\",\"inLanguage\":\"de\",\"@id\":\"https:\/\/hannes-jaehnert.de\/wordpress\/wp-content\/uploads\/2021\/02\/hannes-jaehnert_gemacht.jpg\",\"url\":\"https:\/\/hannes-jaehnert.de\/wordpress\/wp-content\/uploads\/2021\/02\/hannes-jaehnert_gemacht.jpg\",\"contentUrl\":\"https:\/\/hannes-jaehnert.de\/wordpress\/wp-content\/uploads\/2021\/02\/hannes-jaehnert_gemacht.jpg\",\"width\":2000,\"height\":2000,\"caption\":\"foulder\"},\"logo\":{\"@id\":\"https:\/\/hannes-jaehnert.de\/wordpress\/wp-content\/uploads\/2021\/02\/hannes-jaehnert_gemacht.jpg\"}}]}<\/script>\n<!-- \/ Yoast SEO plugin. -->","yoast_head_json":{"title":"Newsletter &#8902; Hannes J\u00e4hnert","description":"Neuigkeiten zu digitalem Ehrenamt, Freiwilligenmanagement und Zivilgesellschaft schicke ich dann und wann, frei Haus, per E-Mail-Newsletter","robots":{"index":"index","follow":"follow","max-snippet":"max-snippet:-1","max-image-preview":"max-image-preview:large","max-video-preview":"max-video-preview:-1"},"canonical":"https:\/\/hannes-jaehnert.de\/wordpress\/newsletter\/","og_locale":"de_DE","og_type":"article","og_title":"n Newsletter &#8902; Hannes J\u00e4hnert","og_description":"Neuigkeiten zu digitalem Ehrenamt, Freiwilligenmanagement und Zivilgesellschaft schicke ich dann und wann, frei Haus, per E-Mail-Newsletter","og_url":"https:\/\/hannes-jaehnert.de\/wordpress\/newsletter\/","og_site_name":"Hannes J\u00e4hnert","article_modified_time":"2026-01-07T12:09:17+00:00","og_image":[{"width":2560,"height":1682,"url":"https:\/\/hannes-jaehnert.de\/wordpress\/wp-content\/uploads\/2021\/02\/Hannes-Jaehnert_schreiben-scaled.jpg","type":"image\/jpeg"}],"twitter_card":"summary_large_image","twitter_title":"Hannes J\u00e4hnert &#8902; Newsletter","twitter_image":"https:\/\/hannes-jaehnert.de\/wordpress\/wp-content\/uploads\/2021\/02\/Hannes-Jaehnert_schreiben-scaled.jpg","twitter_misc":{"Gesch\u00e4tzte Lesezeit":"3\u00a0Minuten"},"schema":{"@context":"https:\/\/schema.org","@graph":[{"@type":"WebPage","@id":"https:\/\/hannes-jaehnert.de\/wordpress\/newsletter\/","url":"https:\/\/hannes-jaehnert.de\/wordpress\/newsletter\/","name":"Newsletter &#8902; Hannes J\u00e4hnert","isPartOf":{"@id":"https:\/\/hannes-jaehnert.de\/wordpress\/#website"},"primaryImageOfPage":{"@id":"https:\/\/hannes-jaehnert.de\/wordpress\/newsletter\/#primaryimage"},"image":{"@id":"https:\/\/hannes-jaehnert.de\/wordpress\/newsletter\/#primaryimage"},"thumbnailUrl":"https:\/\/hannes-jaehnert.de\/wordpress\/wp-content\/uploads\/2023\/01\/hannes_jaehnert_by_joerg_farys-226-scaled-e1672663712111.jpg","datePublished":"2021-02-20T09:56:42+00:00","dateModified":"2026-01-07T12:09:17+00:00","description":"Neuigkeiten zu digitalem Ehrenamt, Freiwilligenmanagement und Zivilgesellschaft schicke ich dann und wann, frei Haus, per E-Mail-Newsletter","breadcrumb":{"@id":"https:\/\/hannes-jaehnert.de\/wordpress\/newsletter\/#breadcrumb"},"inLanguage":"de","potentialAction":[{"@type":"ReadAction","target":["https:\/\/hannes-jaehnert.de\/wordpress\/newsletter\/"]}]},{"@type":"ImageObject","inLanguage":"de","@id":"https:\/\/hannes-jaehnert.de\/wordpress\/newsletter\/#primaryimage","url":"https:\/\/hannes-jaehnert.de\/wordpress\/wp-content\/uploads\/2023\/01\/hannes_jaehnert_by_joerg_farys-226-scaled-e1672663712111.jpg","contentUrl":"https:\/\/hannes-jaehnert.de\/wordpress\/wp-content\/uploads\/2023\/01\/hannes_jaehnert_by_joerg_farys-226-scaled-e1672663712111.jpg","width":1701,"height":1702},{"@type":"BreadcrumbList","@id":"https:\/\/hannes-jaehnert.de\/wordpress\/newsletter\/#breadcrumb","itemListElement":[{"@type":"ListItem","position":1,"name":"Home","item":"https:\/\/hannes-jaehnert.de\/wordpress\/"},{"@type":"ListItem","position":2,"name":"Newsletter"}]},{"@type":"WebSite","@id":"https:\/\/hannes-jaehnert.de\/wordpress\/#website","url":"https:\/\/hannes-jaehnert.de\/wordpress\/","name":"Hannes J\u00e4hnert","description":"Engagementblogger &amp; Freizeitforscher","publisher":{"@id":"https:\/\/hannes-jaehnert.de\/wordpress\/#\/schema\/person\/1ab60f3bc0cd8e11ede09e5dc21d43b5"},"potentialAction":[{"@type":"SearchAction","target":{"@type":"EntryPoint","urlTemplate":"https:\/\/hannes-jaehnert.de\/wordpress\/?s={search_term_string}"},"query-input":{"@type":"PropertyValueSpecification","valueRequired":true,"valueName":"search_term_string"}}],"inLanguage":"de"},{"@type":["Person","Organization"],"@id":"https:\/\/hannes-jaehnert.de\/wordpress\/#\/schema\/person\/1ab60f3bc0cd8e11ede09e5dc21d43b5","name":"foulder","image":{"@type":"ImageObject","inLanguage":"de","@id":"https:\/\/hannes-jaehnert.de\/wordpress\/wp-content\/uploads\/2021\/02\/hannes-jaehnert_gemacht.jpg","url":"https:\/\/hannes-jaehnert.de\/wordpress\/wp-content\/uploads\/2021\/02\/hannes-jaehnert_gemacht.jpg","contentUrl":"https:\/\/hannes-jaehnert.de\/wordpress\/wp-content\/uploads\/2021\/02\/hannes-jaehnert_gemacht.jpg","width":2000,"height":2000,"caption":"foulder"},"logo":{"@id":"https:\/\/hannes-jaehnert.de\/wordpress\/wp-content\/uploads\/2021\/02\/hannes-jaehnert_gemacht.jpg"}}]}},"_links":{"self":[{"href":"https:\/\/hannes-jaehnert.de\/wordpress\/wp-json\/wp\/v2\/pages\/9117","targetHints":{"allow":["GET"]}}],"collection":[{"href":"https:\/\/hannes-jaehnert.de\/wordpress\/wp-json\/wp\/v2\/pages"}],"about":[{"href":"https:\/\/hannes-jaehnert.de\/wordpress\/wp-json\/wp\/v2\/types\/page"}],"author":[{"embeddable":true,"href":"https:\/\/hannes-jaehnert.de\/wordpress\/wp-json\/wp\/v2\/users\/3"}],"replies":[{"embeddable":true,"href":"https:\/\/hannes-jaehnert.de\/wordpress\/wp-json\/wp\/v2\/comments?post=9117"}],"version-history":[{"count":41,"href":"https:\/\/hannes-jaehnert.de\/wordpress\/wp-json\/wp\/v2\/pages\/9117\/revisions"}],"predecessor-version":[{"id":9704,"href":"https:\/\/hannes-jaehnert.de\/wordpress\/wp-json\/wp\/v2\/pages\/9117\/revisions\/9704"}],"wp:featuredmedia":[{"embeddable":true,"href":"https:\/\/hannes-jaehnert.de\/wordpress\/wp-json\/wp\/v2\/media\/9457"}],"wp:attachment":[{"href":"https:\/\/hannes-jaehnert.de\/wordpress\/wp-json\/wp\/v2\/media?parent=9117"}],"curies":[{"name":"wp","href":"https:\/\/api.w.org\/{rel}","templated":true}]}}