{"id":9212,"date":"2021-05-13T14:52:52","date_gmt":"2021-05-13T12:52:52","guid":{"rendered":"https:\/\/hannes-jaehnert.de\/wordpress\/?page_id=9212"},"modified":"2021-05-13T15:32:37","modified_gmt":"2021-05-13T13:32:37","slug":"drk-wohlfahrt-de","status":"publish","type":"page","link":"https:\/\/hannes-jaehnert.de\/wordpress\/hannes-jaehnert\/projekte\/drk-wohlfahrt-de\/","title":{"rendered":"DRK-Wohlfahrt.de"},"content":{"rendered":"\n<p class=\"has-drop-cap\">Die Aufgabe war eigentlich ganz einfach: &#8220;Wir haben seit 2013 ein Fachportal, das nach vier Jahren Betrieb einen Facelift braucht. Budget f\u00fcr Sach- und Honorarkosten haben wir, Personalkosten f\u00fcr eine Online-Redaktion nicht.&#8221;<\/p>\n\n\n\n<p>Ganz frisch im neu geschaffenen Bereich &#8220;Soziale Innovation und Digitalisierung&#8221; war der Relaunch der DRK-Wohlfahrt.de eine der ersten Aufgaben, die an mich herangetragen wurde \u2013 nicht ohne gewisse Erleichterung \u00fcbrigens, dass es jetzt einen &#8220;Zust\u00e4ndigen&#8221; f\u00fcr diese undankbare Aufgabe gab. Ein paar Tests und Analysen sp\u00e4ter war klar: Ein Facelift allein reicht nicht aus! Aber: Die Seite bietet viel Potential f\u00fcr gemeinsames Lernen.<\/p>\n\n\n\n<div class=\"wp-block-cover alignfull has-background-dim-10 has-background-dim has-parallax\" style=\"background-image:url(https:\/\/hannes-jaehnert.de\/wordpress\/wp-content\/uploads\/2021\/05\/DRK-Generalsekretariat_DRK_Berlin.jpg)\"><div class=\"wp-block-cover__inner-container is-layout-flow wp-block-cover-is-layout-flow\">\n<h2 class=\"has-text-align-center wp-block-heading\">Unsere Webseite, das sind wir!<\/h2>\n<\/div><\/div>\n\n\n\n<p>Die Schwachstellen des alten Fachportals waren zahlreich: Die Prozesse zur Aktualisierung der Seite funktionierten nicht, die Texte waren sperrig geschrieben und die Inhalte meistens hoffnungslos veraltet. Au\u00dferdem waren wir \u2013 die Mitarbeitenden im DRK-Generalsekretariat \u2013 selber unsere gr\u00f6\u00dfte Zielgruppe. Beste Voraussetzungen also f\u00fcr einen kompletten Neustart unter dem Radar \u00f6ffentlicher Wahrnehmung. <\/p>\n\n\n\n<div class=\"wp-block-columns is-layout-flex wp-container-core-columns-is-layout-9d6595d7 wp-block-columns-is-layout-flex\">\n<div class=\"wp-block-column is-layout-flow wp-block-column-is-layout-flow\" style=\"flex-basis:33.33%\">\n<figure class=\"wp-block-image size-large\"><a href=\"https:\/\/www.bosch-stiftung.de\/de\/publikation\/digitalisierung-vom-buzz-word-zur-zivilgesellschaftlichen-praxis\"><img loading=\"lazy\" decoding=\"async\" width=\"599\" height=\"799\" src=\"https:\/\/hannes-jaehnert.de\/wordpress\/wp-content\/uploads\/2021\/01\/Publikation_Cover_Digitalisierung-Buzz-Word.jpg\" alt=\"\" class=\"wp-image-8833\" srcset=\"https:\/\/hannes-jaehnert.de\/wordpress\/wp-content\/uploads\/2021\/01\/Publikation_Cover_Digitalisierung-Buzz-Word.jpg 599w, https:\/\/hannes-jaehnert.de\/wordpress\/wp-content\/uploads\/2021\/01\/Publikation_Cover_Digitalisierung-Buzz-Word-225x300.jpg 225w, https:\/\/hannes-jaehnert.de\/wordpress\/wp-content\/uploads\/2021\/01\/Publikation_Cover_Digitalisierung-Buzz-Word-580x774.jpg 580w, https:\/\/hannes-jaehnert.de\/wordpress\/wp-content\/uploads\/2021\/01\/Publikation_Cover_Digitalisierung-Buzz-Word-320x427.jpg 320w\" sizes=\"auto, (max-width: 599px) 100vw, 599px\" \/><\/a><\/figure>\n<\/div>\n\n\n\n<div class=\"wp-block-column is-layout-flow wp-block-column-is-layout-flow\" style=\"flex-basis:66.66%\">\n<p>Der Relaunch der DRK-Wohlfahrt.de dauerte mehr als ein Jahr. Angefangen mit Grundlagen im Herbst 2017 bis zur technischen Umsetzung, die sich bis Ende 2018 zogen, wuchs der Relaunch zu einem Changeprozess heran \u2013 mit allem, was dazugeh\u00f6rt: skeptische Kolleg!nnen, unzutreffende Annahmen und jede Menge Learnings. Die Essentials dazu habe ich im <a href=\"https:\/\/www.bosch-stiftung.de\/sites\/default\/files\/publications\/pdf\/2019-05\/E-Book-Digitalisierung_Vom%20Buzz%20Word%20zur%20zivilgesellschaftlichen%20Praxis.pdf\" target=\"_blank\" rel=\"noreferrer noopener\">eBook<\/a> &#8220;Digitalisierung &#8211; vom Buzz Word zur Praxis&#8221; aufgeschrieben.<\/p>\n\n\n\n<p><a href=\"https:\/\/www.bosch-stiftung.de\/de\/publikation\/digitalisierung-vom-buzz-word-zur-zivilgesellschaftlichen-praxis\" target=\"_blank\" rel=\"noreferrer noopener\">&#8230; mehr erfahren <\/a><\/p>\n<\/div>\n<\/div>\n\n\n\n<p><\/p>\n","protected":false},"excerpt":{"rendered":"<p>Die Aufgabe war eigentlich ganz einfach: &#8220;Wir haben seit 2013 ein Fachportal, das nach vier Jahren Betrieb einen Facelift braucht. Budget f\u00fcr Sach- und Honorarkosten haben wir, Personalkosten f\u00fcr eine Online-Redaktion nicht.&#8221; Ganz frisch im neu geschaffenen Bereich &#8220;Soziale Innovation und Digitalisierung&#8221; war der Relaunch der DRK-Wohlfahrt.de eine der ersten Aufgaben, die an mich herangetragen [&hellip;]<\/p>\n","protected":false},"author":3,"featured_media":9213,"parent":8578,"menu_order":0,"comment_status":"closed","ping_status":"closed","template":"","meta":{"footnotes":""},"class_list":["post-9212","page","type-page","status-publish","has-post-thumbnail","hentry"],"yoast_head":"<!-- This site is optimized with the Yoast SEO plugin v27.2 - https:\/\/yoast.com\/product\/yoast-seo-wordpress\/ -->\n<title>DRK-Wohlfahrt.de &#8902; Hannes J\u00e4hnert<\/title>\n<meta name=\"robots\" content=\"index, follow, max-snippet:-1, max-image-preview:large, max-video-preview:-1\" \/>\n<link rel=\"canonical\" href=\"https:\/\/hannes-jaehnert.de\/wordpress\/hannes-jaehnert\/projekte\/drk-wohlfahrt-de\/\" \/>\n<meta property=\"og:locale\" content=\"de_DE\" \/>\n<meta property=\"og:type\" content=\"article\" \/>\n<meta property=\"og:title\" content=\"DRK-Wohlfahrt.de &#8902; Hannes J\u00e4hnert\" \/>\n<meta property=\"og:description\" content=\"Die Aufgabe war eigentlich ganz einfach: &#8220;Wir haben seit 2013 ein Fachportal, das nach vier Jahren Betrieb einen Facelift braucht. Budget f\u00fcr Sach- und Honorarkosten haben wir, Personalkosten f\u00fcr eine Online-Redaktion nicht.&#8221; Ganz frisch im neu geschaffenen Bereich &#8220;Soziale Innovation und Digitalisierung&#8221; war der Relaunch der DRK-Wohlfahrt.de eine der ersten Aufgaben, die an mich herangetragen [&hellip;]\" \/>\n<meta property=\"og:url\" content=\"https:\/\/hannes-jaehnert.de\/wordpress\/hannes-jaehnert\/projekte\/drk-wohlfahrt-de\/\" \/>\n<meta property=\"og:site_name\" content=\"Hannes J\u00e4hnert\" \/>\n<meta property=\"article:modified_time\" content=\"2021-05-13T13:32:37+00:00\" \/>\n<meta property=\"og:image\" content=\"https:\/\/hannes-jaehnert.de\/wordpress\/wp-content\/uploads\/2021\/05\/DRK-Generalsekretariat_DRK_Berlin.jpg\" \/>\n\t<meta property=\"og:image:width\" content=\"1100\" \/>\n\t<meta property=\"og:image:height\" content=\"367\" \/>\n\t<meta property=\"og:image:type\" content=\"image\/jpeg\" \/>\n<meta name=\"twitter:card\" content=\"summary_large_image\" \/>\n<meta name=\"twitter:label1\" content=\"Gesch\u00e4tzte Lesezeit\" \/>\n\t<meta name=\"twitter:data1\" content=\"2\u00a0Minuten\" \/>\n<script type=\"application\/ld+json\" class=\"yoast-schema-graph\">{\"@context\":\"https:\/\/schema.org\",\"@graph\":[{\"@type\":\"WebPage\",\"@id\":\"https:\/\/hannes-jaehnert.de\/wordpress\/hannes-jaehnert\/projekte\/drk-wohlfahrt-de\/\",\"url\":\"https:\/\/hannes-jaehnert.de\/wordpress\/hannes-jaehnert\/projekte\/drk-wohlfahrt-de\/\",\"name\":\"DRK-Wohlfahrt.de &#8902; Hannes J\u00e4hnert\",\"isPartOf\":{\"@id\":\"https:\/\/hannes-jaehnert.de\/wordpress\/#website\"},\"primaryImageOfPage\":{\"@id\":\"https:\/\/hannes-jaehnert.de\/wordpress\/hannes-jaehnert\/projekte\/drk-wohlfahrt-de\/#primaryimage\"},\"image\":{\"@id\":\"https:\/\/hannes-jaehnert.de\/wordpress\/hannes-jaehnert\/projekte\/drk-wohlfahrt-de\/#primaryimage\"},\"thumbnailUrl\":\"https:\/\/hannes-jaehnert.de\/wordpress\/wp-content\/uploads\/2021\/05\/DRK-Generalsekretariat_DRK_Berlin.jpg\",\"datePublished\":\"2021-05-13T12:52:52+00:00\",\"dateModified\":\"2021-05-13T13:32:37+00:00\",\"breadcrumb\":{\"@id\":\"https:\/\/hannes-jaehnert.de\/wordpress\/hannes-jaehnert\/projekte\/drk-wohlfahrt-de\/#breadcrumb\"},\"inLanguage\":\"de\",\"potentialAction\":[{\"@type\":\"ReadAction\",\"target\":[\"https:\/\/hannes-jaehnert.de\/wordpress\/hannes-jaehnert\/projekte\/drk-wohlfahrt-de\/\"]}]},{\"@type\":\"ImageObject\",\"inLanguage\":\"de\",\"@id\":\"https:\/\/hannes-jaehnert.de\/wordpress\/hannes-jaehnert\/projekte\/drk-wohlfahrt-de\/#primaryimage\",\"url\":\"https:\/\/hannes-jaehnert.de\/wordpress\/wp-content\/uploads\/2021\/05\/DRK-Generalsekretariat_DRK_Berlin.jpg\",\"contentUrl\":\"https:\/\/hannes-jaehnert.de\/wordpress\/wp-content\/uploads\/2021\/05\/DRK-Generalsekretariat_DRK_Berlin.jpg\",\"width\":1100,\"height\":367},{\"@type\":\"BreadcrumbList\",\"@id\":\"https:\/\/hannes-jaehnert.de\/wordpress\/hannes-jaehnert\/projekte\/drk-wohlfahrt-de\/#breadcrumb\",\"itemListElement\":[{\"@type\":\"ListItem\",\"position\":1,\"name\":\"Home\",\"item\":\"https:\/\/hannes-jaehnert.de\/wordpress\/\"},{\"@type\":\"ListItem\",\"position\":2,\"name\":\"Hannes J\u00e4hnert\",\"item\":\"https:\/\/hannes-jaehnert.de\/wordpress\/hannes-jaehnert\/\"},{\"@type\":\"ListItem\",\"position\":3,\"name\":\"Gemacht\",\"item\":\"https:\/\/hannes-jaehnert.de\/wordpress\/hannes-jaehnert\/projekte\/\"},{\"@type\":\"ListItem\",\"position\":4,\"name\":\"DRK-Wohlfahrt.de\"}]},{\"@type\":\"WebSite\",\"@id\":\"https:\/\/hannes-jaehnert.de\/wordpress\/#website\",\"url\":\"https:\/\/hannes-jaehnert.de\/wordpress\/\",\"name\":\"Hannes J\u00e4hnert\",\"description\":\"Engagementblogger &amp; Freizeitforscher\",\"publisher\":{\"@id\":\"https:\/\/hannes-jaehnert.de\/wordpress\/#\/schema\/person\/1ab60f3bc0cd8e11ede09e5dc21d43b5\"},\"potentialAction\":[{\"@type\":\"SearchAction\",\"target\":{\"@type\":\"EntryPoint\",\"urlTemplate\":\"https:\/\/hannes-jaehnert.de\/wordpress\/?s={search_term_string}\"},\"query-input\":{\"@type\":\"PropertyValueSpecification\",\"valueRequired\":true,\"valueName\":\"search_term_string\"}}],\"inLanguage\":\"de\"},{\"@type\":[\"Person\",\"Organization\"],\"@id\":\"https:\/\/hannes-jaehnert.de\/wordpress\/#\/schema\/person\/1ab60f3bc0cd8e11ede09e5dc21d43b5\",\"name\":\"foulder\",\"image\":{\"@type\":\"ImageObject\",\"inLanguage\":\"de\",\"@id\":\"https:\/\/hannes-jaehnert.de\/wordpress\/wp-content\/uploads\/2021\/02\/hannes-jaehnert_gemacht.jpg\",\"url\":\"https:\/\/hannes-jaehnert.de\/wordpress\/wp-content\/uploads\/2021\/02\/hannes-jaehnert_gemacht.jpg\",\"contentUrl\":\"https:\/\/hannes-jaehnert.de\/wordpress\/wp-content\/uploads\/2021\/02\/hannes-jaehnert_gemacht.jpg\",\"width\":2000,\"height\":2000,\"caption\":\"foulder\"},\"logo\":{\"@id\":\"https:\/\/hannes-jaehnert.de\/wordpress\/wp-content\/uploads\/2021\/02\/hannes-jaehnert_gemacht.jpg\"}}]}<\/script>\n<!-- \/ Yoast SEO plugin. -->","yoast_head_json":{"title":"DRK-Wohlfahrt.de &#8902; Hannes J\u00e4hnert","robots":{"index":"index","follow":"follow","max-snippet":"max-snippet:-1","max-image-preview":"max-image-preview:large","max-video-preview":"max-video-preview:-1"},"canonical":"https:\/\/hannes-jaehnert.de\/wordpress\/hannes-jaehnert\/projekte\/drk-wohlfahrt-de\/","og_locale":"de_DE","og_type":"article","og_title":"DRK-Wohlfahrt.de &#8902; Hannes J\u00e4hnert","og_description":"Die Aufgabe war eigentlich ganz einfach: &#8220;Wir haben seit 2013 ein Fachportal, das nach vier Jahren Betrieb einen Facelift braucht. Budget f\u00fcr Sach- und Honorarkosten haben wir, Personalkosten f\u00fcr eine Online-Redaktion nicht.&#8221; Ganz frisch im neu geschaffenen Bereich &#8220;Soziale Innovation und Digitalisierung&#8221; war der Relaunch der DRK-Wohlfahrt.de eine der ersten Aufgaben, die an mich herangetragen [&hellip;]","og_url":"https:\/\/hannes-jaehnert.de\/wordpress\/hannes-jaehnert\/projekte\/drk-wohlfahrt-de\/","og_site_name":"Hannes J\u00e4hnert","article_modified_time":"2021-05-13T13:32:37+00:00","og_image":[{"width":1100,"height":367,"url":"https:\/\/hannes-jaehnert.de\/wordpress\/wp-content\/uploads\/2021\/05\/DRK-Generalsekretariat_DRK_Berlin.jpg","type":"image\/jpeg"}],"twitter_card":"summary_large_image","twitter_misc":{"Gesch\u00e4tzte Lesezeit":"2\u00a0Minuten"},"schema":{"@context":"https:\/\/schema.org","@graph":[{"@type":"WebPage","@id":"https:\/\/hannes-jaehnert.de\/wordpress\/hannes-jaehnert\/projekte\/drk-wohlfahrt-de\/","url":"https:\/\/hannes-jaehnert.de\/wordpress\/hannes-jaehnert\/projekte\/drk-wohlfahrt-de\/","name":"DRK-Wohlfahrt.de &#8902; Hannes J\u00e4hnert","isPartOf":{"@id":"https:\/\/hannes-jaehnert.de\/wordpress\/#website"},"primaryImageOfPage":{"@id":"https:\/\/hannes-jaehnert.de\/wordpress\/hannes-jaehnert\/projekte\/drk-wohlfahrt-de\/#primaryimage"},"image":{"@id":"https:\/\/hannes-jaehnert.de\/wordpress\/hannes-jaehnert\/projekte\/drk-wohlfahrt-de\/#primaryimage"},"thumbnailUrl":"https:\/\/hannes-jaehnert.de\/wordpress\/wp-content\/uploads\/2021\/05\/DRK-Generalsekretariat_DRK_Berlin.jpg","datePublished":"2021-05-13T12:52:52+00:00","dateModified":"2021-05-13T13:32:37+00:00","breadcrumb":{"@id":"https:\/\/hannes-jaehnert.de\/wordpress\/hannes-jaehnert\/projekte\/drk-wohlfahrt-de\/#breadcrumb"},"inLanguage":"de","potentialAction":[{"@type":"ReadAction","target":["https:\/\/hannes-jaehnert.de\/wordpress\/hannes-jaehnert\/projekte\/drk-wohlfahrt-de\/"]}]},{"@type":"ImageObject","inLanguage":"de","@id":"https:\/\/hannes-jaehnert.de\/wordpress\/hannes-jaehnert\/projekte\/drk-wohlfahrt-de\/#primaryimage","url":"https:\/\/hannes-jaehnert.de\/wordpress\/wp-content\/uploads\/2021\/05\/DRK-Generalsekretariat_DRK_Berlin.jpg","contentUrl":"https:\/\/hannes-jaehnert.de\/wordpress\/wp-content\/uploads\/2021\/05\/DRK-Generalsekretariat_DRK_Berlin.jpg","width":1100,"height":367},{"@type":"BreadcrumbList","@id":"https:\/\/hannes-jaehnert.de\/wordpress\/hannes-jaehnert\/projekte\/drk-wohlfahrt-de\/#breadcrumb","itemListElement":[{"@type":"ListItem","position":1,"name":"Home","item":"https:\/\/hannes-jaehnert.de\/wordpress\/"},{"@type":"ListItem","position":2,"name":"Hannes J\u00e4hnert","item":"https:\/\/hannes-jaehnert.de\/wordpress\/hannes-jaehnert\/"},{"@type":"ListItem","position":3,"name":"Gemacht","item":"https:\/\/hannes-jaehnert.de\/wordpress\/hannes-jaehnert\/projekte\/"},{"@type":"ListItem","position":4,"name":"DRK-Wohlfahrt.de"}]},{"@type":"WebSite","@id":"https:\/\/hannes-jaehnert.de\/wordpress\/#website","url":"https:\/\/hannes-jaehnert.de\/wordpress\/","name":"Hannes J\u00e4hnert","description":"Engagementblogger &amp; Freizeitforscher","publisher":{"@id":"https:\/\/hannes-jaehnert.de\/wordpress\/#\/schema\/person\/1ab60f3bc0cd8e11ede09e5dc21d43b5"},"potentialAction":[{"@type":"SearchAction","target":{"@type":"EntryPoint","urlTemplate":"https:\/\/hannes-jaehnert.de\/wordpress\/?s={search_term_string}"},"query-input":{"@type":"PropertyValueSpecification","valueRequired":true,"valueName":"search_term_string"}}],"inLanguage":"de"},{"@type":["Person","Organization"],"@id":"https:\/\/hannes-jaehnert.de\/wordpress\/#\/schema\/person\/1ab60f3bc0cd8e11ede09e5dc21d43b5","name":"foulder","image":{"@type":"ImageObject","inLanguage":"de","@id":"https:\/\/hannes-jaehnert.de\/wordpress\/wp-content\/uploads\/2021\/02\/hannes-jaehnert_gemacht.jpg","url":"https:\/\/hannes-jaehnert.de\/wordpress\/wp-content\/uploads\/2021\/02\/hannes-jaehnert_gemacht.jpg","contentUrl":"https:\/\/hannes-jaehnert.de\/wordpress\/wp-content\/uploads\/2021\/02\/hannes-jaehnert_gemacht.jpg","width":2000,"height":2000,"caption":"foulder"},"logo":{"@id":"https:\/\/hannes-jaehnert.de\/wordpress\/wp-content\/uploads\/2021\/02\/hannes-jaehnert_gemacht.jpg"}}]}},"_links":{"self":[{"href":"https:\/\/hannes-jaehnert.de\/wordpress\/wp-json\/wp\/v2\/pages\/9212","targetHints":{"allow":["GET"]}}],"collection":[{"href":"https:\/\/hannes-jaehnert.de\/wordpress\/wp-json\/wp\/v2\/pages"}],"about":[{"href":"https:\/\/hannes-jaehnert.de\/wordpress\/wp-json\/wp\/v2\/types\/page"}],"author":[{"embeddable":true,"href":"https:\/\/hannes-jaehnert.de\/wordpress\/wp-json\/wp\/v2\/users\/3"}],"replies":[{"embeddable":true,"href":"https:\/\/hannes-jaehnert.de\/wordpress\/wp-json\/wp\/v2\/comments?post=9212"}],"version-history":[{"count":14,"href":"https:\/\/hannes-jaehnert.de\/wordpress\/wp-json\/wp\/v2\/pages\/9212\/revisions"}],"predecessor-version":[{"id":9234,"href":"https:\/\/hannes-jaehnert.de\/wordpress\/wp-json\/wp\/v2\/pages\/9212\/revisions\/9234"}],"up":[{"embeddable":true,"href":"https:\/\/hannes-jaehnert.de\/wordpress\/wp-json\/wp\/v2\/pages\/8578"}],"wp:featuredmedia":[{"embeddable":true,"href":"https:\/\/hannes-jaehnert.de\/wordpress\/wp-json\/wp\/v2\/media\/9213"}],"wp:attachment":[{"href":"https:\/\/hannes-jaehnert.de\/wordpress\/wp-json\/wp\/v2\/media?parent=9212"}],"curies":[{"name":"wp","href":"https:\/\/api.w.org\/{rel}","templated":true}]}}