{"id":9572,"date":"2024-12-01T12:35:10","date_gmt":"2024-12-01T11:35:10","guid":{"rendered":"https:\/\/hannes-jaehnert.de\/wordpress\/?page_id=9572"},"modified":"2025-02-02T17:10:53","modified_gmt":"2025-02-02T16:10:53","slug":"mach-mit","status":"publish","type":"page","link":"https:\/\/hannes-jaehnert.de\/wordpress\/hannes-jaehnert\/projekte\/mach-mit\/","title":{"rendered":"Mach Mit!"},"content":{"rendered":"\n<p class=\"has-drop-cap\">Neustrelitz, Fr\u00fchjahr 2021: Lockdown, alles digital, die Deutsche Stiftung f\u00fcr Engagement und Ehrenamt ist gerade ein halbes Jahr alt. In der Turbo-Digitalisierung der Corona-Pandemie machte die DSEE eigentlich eine ganz gute Figur. Eigentlich?! Es war sp\u00fcrbar, dass die Kampagnen der Stiftung kaum ausreichen, um bis in alle Winkel der deutschen Vereinslandschaft zu wirken. Um sie in der Breite platzieren zu k\u00f6nnen, musste auch etwas Haptisches her.<\/p>\n\n\n\n<blockquote class=\"wp-block-quote is-layout-flow wp-block-quote-is-layout-flow\">\n<p>Je mehr digitalisiert und vernetzt wird, desto mehr sehnen sich die Menschen nach Dingen zum Anfassen, nach Realit\u00e4t und sch\u00f6nem Design.<\/p>\n<cite>Matthias Horx, Trend- und Zukunftsforscher<\/cite><\/blockquote>\n\n\n\n<p>Es war ein Brief von Franz M\u00fcntefering, seinerzeit Mitglied des DSEE-Stiftungsrates, der den entscheidenden Ansto\u00df gab. Eine Beilage sollte es werden, ein Magazin \u00fcber Engagement und Ehrenamt in Deutschland \u2013 und die erste &#8216;Brosch\u00fcre&#8217; der Deutschen Stiftung f\u00fcr Engagement und Ehrenamt.  <\/p>\n\n\n\n<div class=\"wp-block-cover alignfull has-parallax\"><span aria-hidden=\"true\" class=\"wp-block-cover__background has-background-dim\"><\/span><div class=\"wp-block-cover__image-background wp-image-9580 has-parallax\" style=\"background-position:50% 50%;background-image:url(https:\/\/hannes-jaehnert.de\/wordpress\/wp-content\/uploads\/2024\/12\/cover_mach-mit-magazin_SZ-8-21_Snip-1-e1733050826674.jpg)\"><\/div><div class=\"wp-block-cover__inner-container is-layout-flow wp-block-cover-is-layout-flow\">\n<p class=\"has-text-align-center has-large-font-size\"><\/p>\n<\/div><\/div>\n\n\n\n<p>Nach dem die b\u00fcrokratischen H\u00fcrden genommen waren  machten wir uns ans Werk. Die Redaktion \u00fcbernahm der Journalist Arno Makowsky, ich hielt in der Stiftung die F\u00e4den zusammen. Franz M\u00fcntefering steuerte ein Vorwort bei, Kolleginnen und Kollegen lieferten Bilder und Zitate, Themen, Ideen und Kontakte. Und schlie\u00dflich \u2013 nach kaum acht Wochen \u2013 standen 20 Seiten f\u00fcr das <a href=\"https:\/\/hannes-jaehnert.de\/wordpress\/wp-content\/uploads\/2024\/12\/Mach-mit-Engagement-und-Ehrenamt.pdf\">Mach-Mit-Magazin<\/a>, das im August 2021 als Beilage zur S\u00fcddeutschen Zeitung mit einer Auflage von etwa 250.000 St\u00fcck ver\u00f6ffentlicht wurde.<\/p>\n\n\n\n<p><a href=\"https:\/\/hannes-jaehnert.de\/wordpress\/hannes-jaehnert\/projekte\/\">zur\u00fcck<\/a><\/p>\n","protected":false},"excerpt":{"rendered":"<p>Neustrelitz, Fr\u00fchjahr 2021: Lockdown, alles digital, die Deutsche Stiftung f\u00fcr Engagement und Ehrenamt ist gerade ein halbes Jahr alt. In der Turbo-Digitalisierung der Corona-Pandemie machte die DSEE eigentlich eine ganz gute Figur. Eigentlich?! Es war sp\u00fcrbar, dass die Kampagnen der Stiftung kaum ausreichen, um bis in alle Winkel der deutschen Vereinslandschaft zu wirken. Um sie [&hellip;]<\/p>\n","protected":false},"author":3,"featured_media":9578,"parent":8578,"menu_order":0,"comment_status":"closed","ping_status":"closed","template":"","meta":{"footnotes":""},"class_list":["post-9572","page","type-page","status-publish","has-post-thumbnail","hentry"],"yoast_head":"<!-- This site is optimized with the Yoast SEO plugin v27.2 - https:\/\/yoast.com\/product\/yoast-seo-wordpress\/ -->\n<title>Mach Mit! &#8902; Hannes J\u00e4hnert<\/title>\n<meta name=\"description\" content=\"Ein Print-Projekt mitten aus der Turbo-Digitalisierung der Corona-Zeit: Das Magazin &quot;Mach Mit!&quot; \u00fcber Engagement und Ehrenamt in Deutschland.\" \/>\n<meta name=\"robots\" content=\"index, nofollow, max-snippet:-1, max-image-preview:large, max-video-preview:-1\" \/>\n<link rel=\"canonical\" href=\"https:\/\/hannes-jaehnert.de\/wordpress\/hannes-jaehnert\/projekte\/mach-mit\/\" \/>\n<meta property=\"og:locale\" content=\"de_DE\" \/>\n<meta property=\"og:type\" content=\"article\" \/>\n<meta property=\"og:title\" content=\"Hannes J\u00e4hnert % %\" \/>\n<meta property=\"og:description\" content=\"Die Geschichte zu einem Print-Produkt mitten aus der Corona-Zeit: Das Magazin &quot;Mach Mit!&quot; \u00fcber Engagement und Ehrenamt in Deutschland.\" \/>\n<meta property=\"og:url\" content=\"https:\/\/hannes-jaehnert.de\/wordpress\/hannes-jaehnert\/projekte\/mach-mit\/\" \/>\n<meta property=\"og:site_name\" content=\"Hannes J\u00e4hnert\" \/>\n<meta property=\"article:modified_time\" content=\"2025-02-02T16:10:53+00:00\" \/>\n<meta property=\"og:image\" content=\"https:\/\/hannes-jaehnert.de\/wordpress\/wp-content\/uploads\/2024\/12\/cover_mach-mit-magazin_SZ-8-21.webp\" \/>\n\t<meta property=\"og:image:width\" content=\"1415\" \/>\n\t<meta property=\"og:image:height\" content=\"1115\" \/>\n\t<meta property=\"og:image:type\" content=\"image\/webp\" \/>\n<meta name=\"twitter:card\" content=\"summary_large_image\" \/>\n<meta name=\"twitter:label1\" content=\"Gesch\u00e4tzte Lesezeit\" \/>\n\t<meta name=\"twitter:data1\" content=\"2\u00a0Minuten\" \/>\n<script type=\"application\/ld+json\" class=\"yoast-schema-graph\">{\"@context\":\"https:\/\/schema.org\",\"@graph\":[{\"@type\":\"WebPage\",\"@id\":\"https:\/\/hannes-jaehnert.de\/wordpress\/hannes-jaehnert\/projekte\/mach-mit\/\",\"url\":\"https:\/\/hannes-jaehnert.de\/wordpress\/hannes-jaehnert\/projekte\/mach-mit\/\",\"name\":\"Mach Mit! &#8902; Hannes J\u00e4hnert\",\"isPartOf\":{\"@id\":\"https:\/\/hannes-jaehnert.de\/wordpress\/#website\"},\"primaryImageOfPage\":{\"@id\":\"https:\/\/hannes-jaehnert.de\/wordpress\/hannes-jaehnert\/projekte\/mach-mit\/#primaryimage\"},\"image\":{\"@id\":\"https:\/\/hannes-jaehnert.de\/wordpress\/hannes-jaehnert\/projekte\/mach-mit\/#primaryimage\"},\"thumbnailUrl\":\"https:\/\/hannes-jaehnert.de\/wordpress\/wp-content\/uploads\/2024\/12\/cover_mach-mit-magazin_SZ-8-21_Snip-e1733050531391.jpg\",\"datePublished\":\"2024-12-01T11:35:10+00:00\",\"dateModified\":\"2025-02-02T16:10:53+00:00\",\"description\":\"Ein Print-Projekt mitten aus der Turbo-Digitalisierung der Corona-Zeit: Das Magazin \\\"Mach Mit!\\\" \u00fcber Engagement und Ehrenamt in Deutschland.\",\"breadcrumb\":{\"@id\":\"https:\/\/hannes-jaehnert.de\/wordpress\/hannes-jaehnert\/projekte\/mach-mit\/#breadcrumb\"},\"inLanguage\":\"de\",\"potentialAction\":[{\"@type\":\"ReadAction\",\"target\":[\"https:\/\/hannes-jaehnert.de\/wordpress\/hannes-jaehnert\/projekte\/mach-mit\/\"]}]},{\"@type\":\"ImageObject\",\"inLanguage\":\"de\",\"@id\":\"https:\/\/hannes-jaehnert.de\/wordpress\/hannes-jaehnert\/projekte\/mach-mit\/#primaryimage\",\"url\":\"https:\/\/hannes-jaehnert.de\/wordpress\/wp-content\/uploads\/2024\/12\/cover_mach-mit-magazin_SZ-8-21_Snip-e1733050531391.jpg\",\"contentUrl\":\"https:\/\/hannes-jaehnert.de\/wordpress\/wp-content\/uploads\/2024\/12\/cover_mach-mit-magazin_SZ-8-21_Snip-e1733050531391.jpg\",\"width\":825,\"height\":455,\"caption\":\"Illustration: Jochen Schievink\"},{\"@type\":\"BreadcrumbList\",\"@id\":\"https:\/\/hannes-jaehnert.de\/wordpress\/hannes-jaehnert\/projekte\/mach-mit\/#breadcrumb\",\"itemListElement\":[{\"@type\":\"ListItem\",\"position\":1,\"name\":\"Home\",\"item\":\"https:\/\/hannes-jaehnert.de\/wordpress\/\"},{\"@type\":\"ListItem\",\"position\":2,\"name\":\"Hannes J\u00e4hnert\",\"item\":\"https:\/\/hannes-jaehnert.de\/wordpress\/hannes-jaehnert\/\"},{\"@type\":\"ListItem\",\"position\":3,\"name\":\"Gemacht\",\"item\":\"https:\/\/hannes-jaehnert.de\/wordpress\/hannes-jaehnert\/projekte\/\"},{\"@type\":\"ListItem\",\"position\":4,\"name\":\"Mach Mit!\"}]},{\"@type\":\"WebSite\",\"@id\":\"https:\/\/hannes-jaehnert.de\/wordpress\/#website\",\"url\":\"https:\/\/hannes-jaehnert.de\/wordpress\/\",\"name\":\"Hannes J\u00e4hnert\",\"description\":\"Engagementblogger &amp; Freizeitforscher\",\"publisher\":{\"@id\":\"https:\/\/hannes-jaehnert.de\/wordpress\/#\/schema\/person\/1ab60f3bc0cd8e11ede09e5dc21d43b5\"},\"potentialAction\":[{\"@type\":\"SearchAction\",\"target\":{\"@type\":\"EntryPoint\",\"urlTemplate\":\"https:\/\/hannes-jaehnert.de\/wordpress\/?s={search_term_string}\"},\"query-input\":{\"@type\":\"PropertyValueSpecification\",\"valueRequired\":true,\"valueName\":\"search_term_string\"}}],\"inLanguage\":\"de\"},{\"@type\":[\"Person\",\"Organization\"],\"@id\":\"https:\/\/hannes-jaehnert.de\/wordpress\/#\/schema\/person\/1ab60f3bc0cd8e11ede09e5dc21d43b5\",\"name\":\"foulder\",\"image\":{\"@type\":\"ImageObject\",\"inLanguage\":\"de\",\"@id\":\"https:\/\/hannes-jaehnert.de\/wordpress\/wp-content\/uploads\/2021\/02\/hannes-jaehnert_gemacht.jpg\",\"url\":\"https:\/\/hannes-jaehnert.de\/wordpress\/wp-content\/uploads\/2021\/02\/hannes-jaehnert_gemacht.jpg\",\"contentUrl\":\"https:\/\/hannes-jaehnert.de\/wordpress\/wp-content\/uploads\/2021\/02\/hannes-jaehnert_gemacht.jpg\",\"width\":2000,\"height\":2000,\"caption\":\"foulder\"},\"logo\":{\"@id\":\"https:\/\/hannes-jaehnert.de\/wordpress\/wp-content\/uploads\/2021\/02\/hannes-jaehnert_gemacht.jpg\"}}]}<\/script>\n<!-- \/ Yoast SEO plugin. -->","yoast_head_json":{"title":"Mach Mit! &#8902; Hannes J\u00e4hnert","description":"Ein Print-Projekt mitten aus der Turbo-Digitalisierung der Corona-Zeit: Das Magazin \"Mach Mit!\" \u00fcber Engagement und Ehrenamt in Deutschland.","robots":{"index":"index","follow":"nofollow","max-snippet":"max-snippet:-1","max-image-preview":"max-image-preview:large","max-video-preview":"max-video-preview:-1"},"canonical":"https:\/\/hannes-jaehnert.de\/wordpress\/hannes-jaehnert\/projekte\/mach-mit\/","og_locale":"de_DE","og_type":"article","og_title":"Hannes J\u00e4hnert % %","og_description":"Die Geschichte zu einem Print-Produkt mitten aus der Corona-Zeit: Das Magazin \"Mach Mit!\" \u00fcber Engagement und Ehrenamt in Deutschland.","og_url":"https:\/\/hannes-jaehnert.de\/wordpress\/hannes-jaehnert\/projekte\/mach-mit\/","og_site_name":"Hannes J\u00e4hnert","article_modified_time":"2025-02-02T16:10:53+00:00","og_image":[{"width":1415,"height":1115,"url":"https:\/\/hannes-jaehnert.de\/wordpress\/wp-content\/uploads\/2024\/12\/cover_mach-mit-magazin_SZ-8-21.webp","type":"image\/webp"}],"twitter_card":"summary_large_image","twitter_misc":{"Gesch\u00e4tzte Lesezeit":"2\u00a0Minuten"},"schema":{"@context":"https:\/\/schema.org","@graph":[{"@type":"WebPage","@id":"https:\/\/hannes-jaehnert.de\/wordpress\/hannes-jaehnert\/projekte\/mach-mit\/","url":"https:\/\/hannes-jaehnert.de\/wordpress\/hannes-jaehnert\/projekte\/mach-mit\/","name":"Mach Mit! &#8902; Hannes J\u00e4hnert","isPartOf":{"@id":"https:\/\/hannes-jaehnert.de\/wordpress\/#website"},"primaryImageOfPage":{"@id":"https:\/\/hannes-jaehnert.de\/wordpress\/hannes-jaehnert\/projekte\/mach-mit\/#primaryimage"},"image":{"@id":"https:\/\/hannes-jaehnert.de\/wordpress\/hannes-jaehnert\/projekte\/mach-mit\/#primaryimage"},"thumbnailUrl":"https:\/\/hannes-jaehnert.de\/wordpress\/wp-content\/uploads\/2024\/12\/cover_mach-mit-magazin_SZ-8-21_Snip-e1733050531391.jpg","datePublished":"2024-12-01T11:35:10+00:00","dateModified":"2025-02-02T16:10:53+00:00","description":"Ein Print-Projekt mitten aus der Turbo-Digitalisierung der Corona-Zeit: Das Magazin \"Mach Mit!\" \u00fcber Engagement und Ehrenamt in Deutschland.","breadcrumb":{"@id":"https:\/\/hannes-jaehnert.de\/wordpress\/hannes-jaehnert\/projekte\/mach-mit\/#breadcrumb"},"inLanguage":"de","potentialAction":[{"@type":"ReadAction","target":["https:\/\/hannes-jaehnert.de\/wordpress\/hannes-jaehnert\/projekte\/mach-mit\/"]}]},{"@type":"ImageObject","inLanguage":"de","@id":"https:\/\/hannes-jaehnert.de\/wordpress\/hannes-jaehnert\/projekte\/mach-mit\/#primaryimage","url":"https:\/\/hannes-jaehnert.de\/wordpress\/wp-content\/uploads\/2024\/12\/cover_mach-mit-magazin_SZ-8-21_Snip-e1733050531391.jpg","contentUrl":"https:\/\/hannes-jaehnert.de\/wordpress\/wp-content\/uploads\/2024\/12\/cover_mach-mit-magazin_SZ-8-21_Snip-e1733050531391.jpg","width":825,"height":455,"caption":"Illustration: Jochen Schievink"},{"@type":"BreadcrumbList","@id":"https:\/\/hannes-jaehnert.de\/wordpress\/hannes-jaehnert\/projekte\/mach-mit\/#breadcrumb","itemListElement":[{"@type":"ListItem","position":1,"name":"Home","item":"https:\/\/hannes-jaehnert.de\/wordpress\/"},{"@type":"ListItem","position":2,"name":"Hannes J\u00e4hnert","item":"https:\/\/hannes-jaehnert.de\/wordpress\/hannes-jaehnert\/"},{"@type":"ListItem","position":3,"name":"Gemacht","item":"https:\/\/hannes-jaehnert.de\/wordpress\/hannes-jaehnert\/projekte\/"},{"@type":"ListItem","position":4,"name":"Mach Mit!"}]},{"@type":"WebSite","@id":"https:\/\/hannes-jaehnert.de\/wordpress\/#website","url":"https:\/\/hannes-jaehnert.de\/wordpress\/","name":"Hannes J\u00e4hnert","description":"Engagementblogger &amp; Freizeitforscher","publisher":{"@id":"https:\/\/hannes-jaehnert.de\/wordpress\/#\/schema\/person\/1ab60f3bc0cd8e11ede09e5dc21d43b5"},"potentialAction":[{"@type":"SearchAction","target":{"@type":"EntryPoint","urlTemplate":"https:\/\/hannes-jaehnert.de\/wordpress\/?s={search_term_string}"},"query-input":{"@type":"PropertyValueSpecification","valueRequired":true,"valueName":"search_term_string"}}],"inLanguage":"de"},{"@type":["Person","Organization"],"@id":"https:\/\/hannes-jaehnert.de\/wordpress\/#\/schema\/person\/1ab60f3bc0cd8e11ede09e5dc21d43b5","name":"foulder","image":{"@type":"ImageObject","inLanguage":"de","@id":"https:\/\/hannes-jaehnert.de\/wordpress\/wp-content\/uploads\/2021\/02\/hannes-jaehnert_gemacht.jpg","url":"https:\/\/hannes-jaehnert.de\/wordpress\/wp-content\/uploads\/2021\/02\/hannes-jaehnert_gemacht.jpg","contentUrl":"https:\/\/hannes-jaehnert.de\/wordpress\/wp-content\/uploads\/2021\/02\/hannes-jaehnert_gemacht.jpg","width":2000,"height":2000,"caption":"foulder"},"logo":{"@id":"https:\/\/hannes-jaehnert.de\/wordpress\/wp-content\/uploads\/2021\/02\/hannes-jaehnert_gemacht.jpg"}}]}},"_links":{"self":[{"href":"https:\/\/hannes-jaehnert.de\/wordpress\/wp-json\/wp\/v2\/pages\/9572","targetHints":{"allow":["GET"]}}],"collection":[{"href":"https:\/\/hannes-jaehnert.de\/wordpress\/wp-json\/wp\/v2\/pages"}],"about":[{"href":"https:\/\/hannes-jaehnert.de\/wordpress\/wp-json\/wp\/v2\/types\/page"}],"author":[{"embeddable":true,"href":"https:\/\/hannes-jaehnert.de\/wordpress\/wp-json\/wp\/v2\/users\/3"}],"replies":[{"embeddable":true,"href":"https:\/\/hannes-jaehnert.de\/wordpress\/wp-json\/wp\/v2\/comments?post=9572"}],"version-history":[{"count":14,"href":"https:\/\/hannes-jaehnert.de\/wordpress\/wp-json\/wp\/v2\/pages\/9572\/revisions"}],"predecessor-version":[{"id":9647,"href":"https:\/\/hannes-jaehnert.de\/wordpress\/wp-json\/wp\/v2\/pages\/9572\/revisions\/9647"}],"up":[{"embeddable":true,"href":"https:\/\/hannes-jaehnert.de\/wordpress\/wp-json\/wp\/v2\/pages\/8578"}],"wp:featuredmedia":[{"embeddable":true,"href":"https:\/\/hannes-jaehnert.de\/wordpress\/wp-json\/wp\/v2\/media\/9578"}],"wp:attachment":[{"href":"https:\/\/hannes-jaehnert.de\/wordpress\/wp-json\/wp\/v2\/media?parent=9572"}],"curies":[{"name":"wp","href":"https:\/\/api.w.org\/{rel}","templated":true}]}}