{"id":9619,"date":"2025-02-02T16:15:30","date_gmt":"2025-02-02T15:15:30","guid":{"rendered":"https:\/\/hannes-jaehnert.de\/wordpress\/?page_id=9619"},"modified":"2025-03-01T10:44:21","modified_gmt":"2025-03-01T09:44:21","slug":"freizeitforschung","status":"publish","type":"page","link":"https:\/\/hannes-jaehnert.de\/wordpress\/hannes-jaehnert\/projekte\/freizeitforschung\/","title":{"rendered":"Freizeitforschung"},"content":{"rendered":"\n<p>April 2016: Ich sitze im Zug, irgendwo zwischen Berlin und Bonn. Im Hauptbericht des frisch erschienenen Freiwilligensurvey 2014 suche ich nach Zahlen, Daten und Fakten zum Online-Volunteering. Das Engagement \u00fcber das Internet wurde hier 2014 erstmals erhoben, berichtet wurde dann aber nur ein knapper Absatz: Da hie\u00df es schlicht, das digitale Engagement sei ein randst\u00e4ndiges Ph\u00e4nomen, weil sich kaum 3 Prozent der Befragten ausschlie\u00dflich oder \u00fcberwiegend \u00fcber das Internet engagieren. Ich war schockiert, entsetzt, emp\u00f6rt! Die Autor:innen hatten die Relevanz des rein digitalen Engagements kurzerhand unter den Teppich gekehrt, w\u00e4hrend sie etwa die Freiwilligendienste total \u00fcberh\u00f6hten.  <\/p>\n\n\n\n<div class=\"wp-block-cover alignfull has-parallax\"><span aria-hidden=\"true\" class=\"wp-block-cover__background has-background-dim-40 has-background-dim\"><\/span><div role=\"img\" aria-label=\"Sichtbar bearbeitetes Cover des Freiwilligensurveys 2014: Zu lesen ist: Online-Volunteering in Deutschland und Sonderauswertung Freiwilligensurvey 2014\" class=\"wp-block-cover__image-background wp-image-9640 has-parallax\" style=\"background-position:50% 50%;background-image:url(https:\/\/hannes-jaehnert.de\/wordpress\/wp-content\/uploads\/2025\/02\/Cover-ProjektFWS-1-1024x366.jpg)\"><\/div><div class=\"wp-block-cover__inner-container is-layout-flow wp-block-cover-is-layout-flow\">\n<p class=\"has-text-align-center has-large-font-size\"><\/p>\n<\/div><\/div>\n\n\n\n<p>Was auf diesen kleinen Aufreger folgte, habe ich in meinem Blog unter den Schlagwort <a href=\"https:\/\/hannes-jaehnert.de\/wordpress\/tag\/projektfws\/\">&#8220;ProjektFWS&#8221;<\/a> notiert:<\/p>\n\n\n\n<ul class=\"wp-block-list\">\n<li>Zuerst war ein <a href=\"https:\/\/hannes-jaehnert.de\/wordpress\/2016\/04\/18\/der-freiwilligensurvey-2014-ein-erster-blick\/\" target=\"_blank\" rel=\"noreferrer noopener\">kritischer Blick auf den neuen Freiwilligensurvey und die &#8220;Architektur der neuen Engagementquote&#8221;<\/a> n\u00f6tig;<\/li>\n\n\n\n<li>Es folgte ein (nochmals) <a href=\"https:\/\/hannes-jaehnert.de\/wordpress\/2016\/04\/25\/online-volunteering-im-deutschen-freiwilligensurvey-2014\/\" target=\"_blank\" rel=\"noreferrer noopener\">\u00fcberraschter Blick auf gerade 3 Prozent Online-Volunteers mit einem Update auf Nachfrage<\/a> zu den fehlenden Daten;<\/li>\n\n\n\n<li>Und schlie\u00dflich der <a href=\"https:\/\/hannes-jaehnert.de\/wordpress\/2016\/05\/16\/online-volunteering-in-deutschland-ein-projekt\/\" target=\"_blank\" rel=\"noreferrer noopener\">Kick-Off zum Freizeit-Forschungsprojekt &#8220;Online-Volunteering in Deutschland&#8221;<\/a>.<\/li>\n<\/ul>\n\n\n\n<p>Bis November 2017, beinahe 1\u00bd Jahr, hat es vom &#8220;ersten Blick&#8221; bis zum vorl\u00e4ufigen Abschluss des Projektes gedauert. Ich habe dabei viel \u00fcber Datenanalyse gelernt und einiges \u00fcber das Online-Volunteering herausgefunden. Und: Das Projekt wirkt nach! Bis heute, wird aus den Publikationen, die aus diesem Projekt entstanden sind, noch zitiert \u2013 zuletzt im Bericht der Sachverst\u00e4ndigenkommission zum IV. Engagementbericht der Bundesregierung. <\/p>\n\n\n\n<div class=\"wp-block-columns is-layout-flex wp-container-core-columns-is-layout-9d6595d7 wp-block-columns-is-layout-flex\">\n<div class=\"wp-block-column is-layout-flow wp-block-column-is-layout-flow\" style=\"flex-basis:33.33%\">\n<figure class=\"wp-block-image size-full\"><img loading=\"lazy\" decoding=\"async\" width=\"344\" height=\"510\" src=\"https:\/\/hannes-jaehnert.de\/wordpress\/wp-content\/uploads\/2021\/01\/Digitalisierung-und-Teilhabe_Cover.jpg\" alt=\"Buchcover: Digitalisierung und Teilhabe\" class=\"wp-image-8851\" srcset=\"https:\/\/hannes-jaehnert.de\/wordpress\/wp-content\/uploads\/2021\/01\/Digitalisierung-und-Teilhabe_Cover.jpg 344w, https:\/\/hannes-jaehnert.de\/wordpress\/wp-content\/uploads\/2021\/01\/Digitalisierung-und-Teilhabe_Cover-202x300.jpg 202w, https:\/\/hannes-jaehnert.de\/wordpress\/wp-content\/uploads\/2021\/01\/Digitalisierung-und-Teilhabe_Cover-320x474.jpg 320w\" sizes=\"auto, (max-width: 344px) 100vw, 344px\" \/><\/figure>\n<\/div>\n\n\n\n<div class=\"wp-block-column is-layout-flow wp-block-column-is-layout-flow\" style=\"flex-basis:66.66%\">\n<p><strong>Partizipation und freiwilliges Engagement im digitalen Wandel<\/strong> \u2013 ein Beitrag zur Frage wie sich freiwilliges Engagement als praktische Partizipation im digitalen Wandel bisher ver\u00e4ndert hat gemeinsam mit Dr. Mike Weber, Fraunhofer FOKUS, Kompetenzzentrum \u00d6ffentliche IT. <\/p>\n<\/div>\n<\/div>\n\n\n\n<div class=\"wp-block-columns is-layout-flex wp-container-core-columns-is-layout-9d6595d7 wp-block-columns-is-layout-flex\">\n<div class=\"wp-block-column is-layout-flow wp-block-column-is-layout-flow\" style=\"flex-basis:33.33%\">\n<figure class=\"wp-block-image size-full\"><img loading=\"lazy\" decoding=\"async\" width=\"482\" height=\"680\" src=\"https:\/\/hannes-jaehnert.de\/wordpress\/wp-content\/uploads\/2025\/02\/Cover_Zivilgesellschaftliches-Engagement-Freiwilligendienste_2024.webp\" alt=\"Buch-Cover: Zivilgesellschaftliches Engagement und Freiwilligendienste \" class=\"wp-image-9609\" srcset=\"https:\/\/hannes-jaehnert.de\/wordpress\/wp-content\/uploads\/2025\/02\/Cover_Zivilgesellschaftliches-Engagement-Freiwilligendienste_2024.webp 482w, https:\/\/hannes-jaehnert.de\/wordpress\/wp-content\/uploads\/2025\/02\/Cover_Zivilgesellschaftliches-Engagement-Freiwilligendienste_2024-213x300.webp 213w, https:\/\/hannes-jaehnert.de\/wordpress\/wp-content\/uploads\/2025\/02\/Cover_Zivilgesellschaftliches-Engagement-Freiwilligendienste_2024-320x451.webp 320w\" sizes=\"auto, (max-width: 482px) 100vw, 482px\" \/><\/figure>\n<\/div>\n\n\n\n<div class=\"wp-block-column is-layout-flow wp-block-column-is-layout-flow\" style=\"flex-basis:66.66%\">\n<p><strong>Digitalisierung und Digitalit\u00e4t in Engagement und Ehrenamt<\/strong> \u2013 ein Beitrag zum digitalen Wandel in der Zivilgesellschaft und die Reproduktion ungleicher Teilhabechancen, gemeinsam mit Dr. Wibke Riekmann, Mitglied der Sachverst\u00e4ndigekommissionen zum III. und IV. Engagementbericht der Bundesregierung. <\/p>\n\n\n\n<p><\/p>\n<\/div>\n<\/div>\n\n\n\n<p><a href=\"https:\/\/hannes-jaehnert.de\/wordpress\/hannes-jaehnert\/projekte\/\">zur\u00fcck<\/a><\/p>\n","protected":false},"excerpt":{"rendered":"<p>April 2016: Ich sitze im Zug, irgendwo zwischen Berlin und Bonn. Im Hauptbericht des frisch erschienenen Freiwilligensurvey 2014 suche ich nach Zahlen, Daten und Fakten zum Online-Volunteering. Das Engagement \u00fcber das Internet wurde hier 2014 erstmals erhoben, berichtet wurde dann aber nur ein knapper Absatz: Da hie\u00df es schlicht, das digitale Engagement sei ein randst\u00e4ndiges [&hellip;]<\/p>\n","protected":false},"author":3,"featured_media":8555,"parent":8578,"menu_order":0,"comment_status":"closed","ping_status":"closed","template":"","meta":{"footnotes":""},"class_list":["post-9619","page","type-page","status-publish","has-post-thumbnail","hentry"],"yoast_head":"<!-- This site is optimized with the Yoast SEO plugin v27.2 - https:\/\/yoast.com\/product\/yoast-seo-wordpress\/ -->\n<title>Freizeitforschung &#8902; Hannes J\u00e4hnert<\/title>\n<meta name=\"robots\" content=\"index, follow, max-snippet:-1, max-image-preview:large, max-video-preview:-1\" \/>\n<link rel=\"canonical\" href=\"https:\/\/hannes-jaehnert.de\/wordpress\/hannes-jaehnert\/projekte\/freizeitforschung\/\" \/>\n<meta property=\"og:locale\" content=\"de_DE\" \/>\n<meta property=\"og:type\" content=\"article\" \/>\n<meta property=\"og:title\" content=\"Freizeitforschung &#8902; Hannes J\u00e4hnert\" \/>\n<meta property=\"og:description\" content=\"April 2016: Ich sitze im Zug, irgendwo zwischen Berlin und Bonn. Im Hauptbericht des frisch erschienenen Freiwilligensurvey 2014 suche ich nach Zahlen, Daten und Fakten zum Online-Volunteering. Das Engagement \u00fcber das Internet wurde hier 2014 erstmals erhoben, berichtet wurde dann aber nur ein knapper Absatz: Da hie\u00df es schlicht, das digitale Engagement sei ein randst\u00e4ndiges [&hellip;]\" \/>\n<meta property=\"og:url\" content=\"https:\/\/hannes-jaehnert.de\/wordpress\/hannes-jaehnert\/projekte\/freizeitforschung\/\" \/>\n<meta property=\"og:site_name\" content=\"Hannes J\u00e4hnert\" \/>\n<meta property=\"article:modified_time\" content=\"2025-03-01T09:44:21+00:00\" \/>\n<meta property=\"og:image\" content=\"https:\/\/hannes-jaehnert.de\/wordpress\/wp-content\/uploads\/2021\/01\/hannes_jaehnert_by_joerg_farys-95-scaled-e1611504595214.jpg\" \/>\n\t<meta property=\"og:image:width\" content=\"2342\" \/>\n\t<meta property=\"og:image:height\" content=\"1106\" \/>\n\t<meta property=\"og:image:type\" content=\"image\/jpeg\" \/>\n<meta name=\"twitter:card\" content=\"summary_large_image\" \/>\n<meta name=\"twitter:label1\" content=\"Gesch\u00e4tzte Lesezeit\" \/>\n\t<meta name=\"twitter:data1\" content=\"3\u00a0Minuten\" \/>\n<script type=\"application\/ld+json\" class=\"yoast-schema-graph\">{\"@context\":\"https:\/\/schema.org\",\"@graph\":[{\"@type\":\"WebPage\",\"@id\":\"https:\/\/hannes-jaehnert.de\/wordpress\/hannes-jaehnert\/projekte\/freizeitforschung\/\",\"url\":\"https:\/\/hannes-jaehnert.de\/wordpress\/hannes-jaehnert\/projekte\/freizeitforschung\/\",\"name\":\"Freizeitforschung &#8902; Hannes J\u00e4hnert\",\"isPartOf\":{\"@id\":\"https:\/\/hannes-jaehnert.de\/wordpress\/#website\"},\"primaryImageOfPage\":{\"@id\":\"https:\/\/hannes-jaehnert.de\/wordpress\/hannes-jaehnert\/projekte\/freizeitforschung\/#primaryimage\"},\"image\":{\"@id\":\"https:\/\/hannes-jaehnert.de\/wordpress\/hannes-jaehnert\/projekte\/freizeitforschung\/#primaryimage\"},\"thumbnailUrl\":\"https:\/\/hannes-jaehnert.de\/wordpress\/wp-content\/uploads\/2021\/01\/hannes_jaehnert_by_joerg_farys-95-scaled-e1611504595214.jpg\",\"datePublished\":\"2025-02-02T15:15:30+00:00\",\"dateModified\":\"2025-03-01T09:44:21+00:00\",\"breadcrumb\":{\"@id\":\"https:\/\/hannes-jaehnert.de\/wordpress\/hannes-jaehnert\/projekte\/freizeitforschung\/#breadcrumb\"},\"inLanguage\":\"de\",\"potentialAction\":[{\"@type\":\"ReadAction\",\"target\":[\"https:\/\/hannes-jaehnert.de\/wordpress\/hannes-jaehnert\/projekte\/freizeitforschung\/\"]}]},{\"@type\":\"ImageObject\",\"inLanguage\":\"de\",\"@id\":\"https:\/\/hannes-jaehnert.de\/wordpress\/hannes-jaehnert\/projekte\/freizeitforschung\/#primaryimage\",\"url\":\"https:\/\/hannes-jaehnert.de\/wordpress\/wp-content\/uploads\/2021\/01\/hannes_jaehnert_by_joerg_farys-95-scaled-e1611504595214.jpg\",\"contentUrl\":\"https:\/\/hannes-jaehnert.de\/wordpress\/wp-content\/uploads\/2021\/01\/hannes_jaehnert_by_joerg_farys-95-scaled-e1611504595214.jpg\",\"width\":2342,\"height\":1106},{\"@type\":\"BreadcrumbList\",\"@id\":\"https:\/\/hannes-jaehnert.de\/wordpress\/hannes-jaehnert\/projekte\/freizeitforschung\/#breadcrumb\",\"itemListElement\":[{\"@type\":\"ListItem\",\"position\":1,\"name\":\"Home\",\"item\":\"https:\/\/hannes-jaehnert.de\/wordpress\/\"},{\"@type\":\"ListItem\",\"position\":2,\"name\":\"Hannes J\u00e4hnert\",\"item\":\"https:\/\/hannes-jaehnert.de\/wordpress\/hannes-jaehnert\/\"},{\"@type\":\"ListItem\",\"position\":3,\"name\":\"Gemacht\",\"item\":\"https:\/\/hannes-jaehnert.de\/wordpress\/hannes-jaehnert\/projekte\/\"},{\"@type\":\"ListItem\",\"position\":4,\"name\":\"Freizeitforschung\"}]},{\"@type\":\"WebSite\",\"@id\":\"https:\/\/hannes-jaehnert.de\/wordpress\/#website\",\"url\":\"https:\/\/hannes-jaehnert.de\/wordpress\/\",\"name\":\"Hannes J\u00e4hnert\",\"description\":\"Engagementblogger &amp; Freizeitforscher\",\"publisher\":{\"@id\":\"https:\/\/hannes-jaehnert.de\/wordpress\/#\/schema\/person\/1ab60f3bc0cd8e11ede09e5dc21d43b5\"},\"potentialAction\":[{\"@type\":\"SearchAction\",\"target\":{\"@type\":\"EntryPoint\",\"urlTemplate\":\"https:\/\/hannes-jaehnert.de\/wordpress\/?s={search_term_string}\"},\"query-input\":{\"@type\":\"PropertyValueSpecification\",\"valueRequired\":true,\"valueName\":\"search_term_string\"}}],\"inLanguage\":\"de\"},{\"@type\":[\"Person\",\"Organization\"],\"@id\":\"https:\/\/hannes-jaehnert.de\/wordpress\/#\/schema\/person\/1ab60f3bc0cd8e11ede09e5dc21d43b5\",\"name\":\"foulder\",\"image\":{\"@type\":\"ImageObject\",\"inLanguage\":\"de\",\"@id\":\"https:\/\/hannes-jaehnert.de\/wordpress\/wp-content\/uploads\/2021\/02\/hannes-jaehnert_gemacht.jpg\",\"url\":\"https:\/\/hannes-jaehnert.de\/wordpress\/wp-content\/uploads\/2021\/02\/hannes-jaehnert_gemacht.jpg\",\"contentUrl\":\"https:\/\/hannes-jaehnert.de\/wordpress\/wp-content\/uploads\/2021\/02\/hannes-jaehnert_gemacht.jpg\",\"width\":2000,\"height\":2000,\"caption\":\"foulder\"},\"logo\":{\"@id\":\"https:\/\/hannes-jaehnert.de\/wordpress\/wp-content\/uploads\/2021\/02\/hannes-jaehnert_gemacht.jpg\"}}]}<\/script>\n<!-- \/ Yoast SEO plugin. -->","yoast_head_json":{"title":"Freizeitforschung &#8902; Hannes J\u00e4hnert","robots":{"index":"index","follow":"follow","max-snippet":"max-snippet:-1","max-image-preview":"max-image-preview:large","max-video-preview":"max-video-preview:-1"},"canonical":"https:\/\/hannes-jaehnert.de\/wordpress\/hannes-jaehnert\/projekte\/freizeitforschung\/","og_locale":"de_DE","og_type":"article","og_title":"Freizeitforschung &#8902; Hannes J\u00e4hnert","og_description":"April 2016: Ich sitze im Zug, irgendwo zwischen Berlin und Bonn. Im Hauptbericht des frisch erschienenen Freiwilligensurvey 2014 suche ich nach Zahlen, Daten und Fakten zum Online-Volunteering. Das Engagement \u00fcber das Internet wurde hier 2014 erstmals erhoben, berichtet wurde dann aber nur ein knapper Absatz: Da hie\u00df es schlicht, das digitale Engagement sei ein randst\u00e4ndiges [&hellip;]","og_url":"https:\/\/hannes-jaehnert.de\/wordpress\/hannes-jaehnert\/projekte\/freizeitforschung\/","og_site_name":"Hannes J\u00e4hnert","article_modified_time":"2025-03-01T09:44:21+00:00","og_image":[{"width":2342,"height":1106,"url":"https:\/\/hannes-jaehnert.de\/wordpress\/wp-content\/uploads\/2021\/01\/hannes_jaehnert_by_joerg_farys-95-scaled-e1611504595214.jpg","type":"image\/jpeg"}],"twitter_card":"summary_large_image","twitter_misc":{"Gesch\u00e4tzte Lesezeit":"3\u00a0Minuten"},"schema":{"@context":"https:\/\/schema.org","@graph":[{"@type":"WebPage","@id":"https:\/\/hannes-jaehnert.de\/wordpress\/hannes-jaehnert\/projekte\/freizeitforschung\/","url":"https:\/\/hannes-jaehnert.de\/wordpress\/hannes-jaehnert\/projekte\/freizeitforschung\/","name":"Freizeitforschung &#8902; Hannes J\u00e4hnert","isPartOf":{"@id":"https:\/\/hannes-jaehnert.de\/wordpress\/#website"},"primaryImageOfPage":{"@id":"https:\/\/hannes-jaehnert.de\/wordpress\/hannes-jaehnert\/projekte\/freizeitforschung\/#primaryimage"},"image":{"@id":"https:\/\/hannes-jaehnert.de\/wordpress\/hannes-jaehnert\/projekte\/freizeitforschung\/#primaryimage"},"thumbnailUrl":"https:\/\/hannes-jaehnert.de\/wordpress\/wp-content\/uploads\/2021\/01\/hannes_jaehnert_by_joerg_farys-95-scaled-e1611504595214.jpg","datePublished":"2025-02-02T15:15:30+00:00","dateModified":"2025-03-01T09:44:21+00:00","breadcrumb":{"@id":"https:\/\/hannes-jaehnert.de\/wordpress\/hannes-jaehnert\/projekte\/freizeitforschung\/#breadcrumb"},"inLanguage":"de","potentialAction":[{"@type":"ReadAction","target":["https:\/\/hannes-jaehnert.de\/wordpress\/hannes-jaehnert\/projekte\/freizeitforschung\/"]}]},{"@type":"ImageObject","inLanguage":"de","@id":"https:\/\/hannes-jaehnert.de\/wordpress\/hannes-jaehnert\/projekte\/freizeitforschung\/#primaryimage","url":"https:\/\/hannes-jaehnert.de\/wordpress\/wp-content\/uploads\/2021\/01\/hannes_jaehnert_by_joerg_farys-95-scaled-e1611504595214.jpg","contentUrl":"https:\/\/hannes-jaehnert.de\/wordpress\/wp-content\/uploads\/2021\/01\/hannes_jaehnert_by_joerg_farys-95-scaled-e1611504595214.jpg","width":2342,"height":1106},{"@type":"BreadcrumbList","@id":"https:\/\/hannes-jaehnert.de\/wordpress\/hannes-jaehnert\/projekte\/freizeitforschung\/#breadcrumb","itemListElement":[{"@type":"ListItem","position":1,"name":"Home","item":"https:\/\/hannes-jaehnert.de\/wordpress\/"},{"@type":"ListItem","position":2,"name":"Hannes J\u00e4hnert","item":"https:\/\/hannes-jaehnert.de\/wordpress\/hannes-jaehnert\/"},{"@type":"ListItem","position":3,"name":"Gemacht","item":"https:\/\/hannes-jaehnert.de\/wordpress\/hannes-jaehnert\/projekte\/"},{"@type":"ListItem","position":4,"name":"Freizeitforschung"}]},{"@type":"WebSite","@id":"https:\/\/hannes-jaehnert.de\/wordpress\/#website","url":"https:\/\/hannes-jaehnert.de\/wordpress\/","name":"Hannes J\u00e4hnert","description":"Engagementblogger &amp; Freizeitforscher","publisher":{"@id":"https:\/\/hannes-jaehnert.de\/wordpress\/#\/schema\/person\/1ab60f3bc0cd8e11ede09e5dc21d43b5"},"potentialAction":[{"@type":"SearchAction","target":{"@type":"EntryPoint","urlTemplate":"https:\/\/hannes-jaehnert.de\/wordpress\/?s={search_term_string}"},"query-input":{"@type":"PropertyValueSpecification","valueRequired":true,"valueName":"search_term_string"}}],"inLanguage":"de"},{"@type":["Person","Organization"],"@id":"https:\/\/hannes-jaehnert.de\/wordpress\/#\/schema\/person\/1ab60f3bc0cd8e11ede09e5dc21d43b5","name":"foulder","image":{"@type":"ImageObject","inLanguage":"de","@id":"https:\/\/hannes-jaehnert.de\/wordpress\/wp-content\/uploads\/2021\/02\/hannes-jaehnert_gemacht.jpg","url":"https:\/\/hannes-jaehnert.de\/wordpress\/wp-content\/uploads\/2021\/02\/hannes-jaehnert_gemacht.jpg","contentUrl":"https:\/\/hannes-jaehnert.de\/wordpress\/wp-content\/uploads\/2021\/02\/hannes-jaehnert_gemacht.jpg","width":2000,"height":2000,"caption":"foulder"},"logo":{"@id":"https:\/\/hannes-jaehnert.de\/wordpress\/wp-content\/uploads\/2021\/02\/hannes-jaehnert_gemacht.jpg"}}]}},"_links":{"self":[{"href":"https:\/\/hannes-jaehnert.de\/wordpress\/wp-json\/wp\/v2\/pages\/9619","targetHints":{"allow":["GET"]}}],"collection":[{"href":"https:\/\/hannes-jaehnert.de\/wordpress\/wp-json\/wp\/v2\/pages"}],"about":[{"href":"https:\/\/hannes-jaehnert.de\/wordpress\/wp-json\/wp\/v2\/types\/page"}],"author":[{"embeddable":true,"href":"https:\/\/hannes-jaehnert.de\/wordpress\/wp-json\/wp\/v2\/users\/3"}],"replies":[{"embeddable":true,"href":"https:\/\/hannes-jaehnert.de\/wordpress\/wp-json\/wp\/v2\/comments?post=9619"}],"version-history":[{"count":17,"href":"https:\/\/hannes-jaehnert.de\/wordpress\/wp-json\/wp\/v2\/pages\/9619\/revisions"}],"predecessor-version":[{"id":9651,"href":"https:\/\/hannes-jaehnert.de\/wordpress\/wp-json\/wp\/v2\/pages\/9619\/revisions\/9651"}],"up":[{"embeddable":true,"href":"https:\/\/hannes-jaehnert.de\/wordpress\/wp-json\/wp\/v2\/pages\/8578"}],"wp:featuredmedia":[{"embeddable":true,"href":"https:\/\/hannes-jaehnert.de\/wordpress\/wp-json\/wp\/v2\/media\/8555"}],"wp:attachment":[{"href":"https:\/\/hannes-jaehnert.de\/wordpress\/wp-json\/wp\/v2\/media?parent=9619"}],"curies":[{"name":"wp","href":"https:\/\/api.w.org\/{rel}","templated":true}]}}